{"id":66604,"date":"2021-03-02T16:30:54","date_gmt":"2021-03-02T16:30:54","guid":{"rendered":"https:\/\/www.castingcoleccion.com\/casting-fruehjahr-sommer-2021-kollektion-lookbook\/"},"modified":"2021-03-02T16:36:19","modified_gmt":"2021-03-02T16:36:19","slug":"casting-fruehjahr-sommer-2021-kollektion-lookbook","status":"publish","type":"page","link":"https:\/\/www.castingcoleccion.com\/de\/casting-fruehjahr-sommer-2021-kollektion-lookbook\/","title":{"rendered":"Casting Fr\u00fchjahr-Sommer 2021 Kollektion LookBook"},"content":{"rendered":"<div class=\"wpb-content-wrapper\"><p>[vc_row][vc_column][vc_wp_custommenu nav_menu=&#8220;493&#8243; el_class=&#8220;menuhorizontal&#8220;][\/vc_column][\/vc_row]<\/p>\n<\/div>","protected":false},"excerpt":{"rendered":"<p>[vc_row][vc_column][vc_wp_custommenu nav_menu=&#8220;493&#8243; el_class=&#8220;menuhorizontal&#8220;][\/vc_column][\/vc_row]<\/p>\n","protected":false},"author":1,"featured_media":0,"parent":0,"menu_order":0,"comment_status":"closed","ping_status":"closed","template":"template-media.php","meta":{"footnotes":""},"class_list":["post-66604","page","type-page","status-publish","hentry","description-off"],"yoast_head":"<!-- This site is optimized with the Yoast SEO plugin v26.6 - https:\/\/yoast.com\/wordpress\/plugins\/seo\/ -->\n<title>Casting Fr\u00fchjahr-Sommer 2021 Kollektion LookBook | Casting Colecci\u00f3n<\/title>\n<meta name=\"description\" content=\"Casting Fr\u00fchjahr-Sommer 2021 Kollektion LookBook\" \/>\n<meta name=\"robots\" content=\"index, follow, max-snippet:-1, max-image-preview:large, max-video-preview:-1\" \/>\n<link rel=\"canonical\" href=\"https:\/\/www.castingcoleccion.com\/de\/casting-fruehjahr-sommer-2021-kollektion-lookbook\/\" \/>\n<meta property=\"og:locale\" content=\"de_DE\" \/>\n<meta property=\"og:type\" content=\"article\" \/>\n<meta property=\"og:title\" content=\"Casting Fr\u00fchjahr-Sommer 2021 Kollektion LookBook | Casting Colecci\u00f3n\" \/>\n<meta property=\"og:description\" content=\"Casting Fr\u00fchjahr-Sommer 2021 Kollektion LookBook\" \/>\n<meta property=\"og:url\" content=\"https:\/\/www.castingcoleccion.com\/de\/casting-fruehjahr-sommer-2021-kollektion-lookbook\/\" \/>\n<meta property=\"og:site_name\" content=\"Casting Colecci\u00f3n\" \/>\n<meta property=\"article:modified_time\" content=\"2021-03-02T16:36:19+00:00\" \/>\n<meta name=\"twitter:card\" content=\"summary_large_image\" \/>\n<meta name=\"twitter:label1\" content=\"Gesch\u00e4tzte Lesezeit\" \/>\n\t<meta name=\"twitter:data1\" content=\"1\u00a0Minute\" \/>\n<script type=\"application\/ld+json\" class=\"yoast-schema-graph\">{\"@context\":\"https:\/\/schema.org\",\"@graph\":[{\"@type\":\"WebPage\",\"@id\":\"https:\/\/www.castingcoleccion.com\/de\/casting-fruehjahr-sommer-2021-kollektion-lookbook\/\",\"url\":\"https:\/\/www.castingcoleccion.com\/de\/casting-fruehjahr-sommer-2021-kollektion-lookbook\/\",\"name\":\"Casting Fr\u00fchjahr-Sommer 2021 Kollektion LookBook | Casting Colecci\u00f3n\",\"isPartOf\":{\"@id\":\"https:\/\/www.castingcoleccion.com\/de\/#website\"},\"datePublished\":\"2021-03-02T16:30:54+00:00\",\"dateModified\":\"2021-03-02T16:36:19+00:00\",\"description\":\"Casting Fr\u00fchjahr-Sommer 2021 Kollektion LookBook\",\"breadcrumb\":{\"@id\":\"https:\/\/www.castingcoleccion.com\/de\/casting-fruehjahr-sommer-2021-kollektion-lookbook\/#breadcrumb\"},\"inLanguage\":\"de\",\"potentialAction\":[{\"@type\":\"ReadAction\",\"target\":[\"https:\/\/www.castingcoleccion.com\/de\/casting-fruehjahr-sommer-2021-kollektion-lookbook\/\"]}]},{\"@type\":\"BreadcrumbList\",\"@id\":\"https:\/\/www.castingcoleccion.com\/de\/casting-fruehjahr-sommer-2021-kollektion-lookbook\/#breadcrumb\",\"itemListElement\":[{\"@type\":\"ListItem\",\"position\":1,\"name\":\"Portada\",\"item\":\"https:\/\/www.castingcoleccion.com\/de\/home-fruehling-sommer-2026-kollektion\/\"},{\"@type\":\"ListItem\",\"position\":2,\"name\":\"Casting Fr\u00fchjahr-Sommer 2021 Kollektion LookBook\"}]},{\"@type\":\"WebSite\",\"@id\":\"https:\/\/www.castingcoleccion.com\/de\/#website\",\"url\":\"https:\/\/www.castingcoleccion.com\/de\/\",\"name\":\"Casting Colecci\u00f3n\",\"description\":\"Casting Colecci\u00f3n. Vestidos de fiesta, ceremonia, cocktail y madrina. Moncho Heredia es una firma de dise\u00f1o de vestidos de fiesta y ceremonias para mujeres con estilo.\",\"publisher\":{\"@id\":\"https:\/\/www.castingcoleccion.com\/de\/#organization\"},\"potentialAction\":[{\"@type\":\"SearchAction\",\"target\":{\"@type\":\"EntryPoint\",\"urlTemplate\":\"https:\/\/www.castingcoleccion.com\/de\/?s={search_term_string}\"},\"query-input\":{\"@type\":\"PropertyValueSpecification\",\"valueRequired\":true,\"valueName\":\"search_term_string\"}}],\"inLanguage\":\"de\"},{\"@type\":\"Organization\",\"@id\":\"https:\/\/www.castingcoleccion.com\/de\/#organization\",\"name\":\"Casting Colecci\u00f3n\",\"url\":\"https:\/\/www.castingcoleccion.com\/de\/\",\"logo\":{\"@type\":\"ImageObject\",\"inLanguage\":\"de\",\"@id\":\"https:\/\/www.castingcoleccion.com\/de\/#\/schema\/logo\/image\/\",\"url\":\"https:\/\/www.castingcoleccion.com\/wp-content\/uploads\/2018\/03\/imagotipo_moncho_1024.png\",\"contentUrl\":\"https:\/\/www.castingcoleccion.com\/wp-content\/uploads\/2018\/03\/imagotipo_moncho_1024.png\",\"width\":1024,\"height\":1024,\"caption\":\"Casting Colecci\u00f3n\"},\"image\":{\"@id\":\"https:\/\/www.castingcoleccion.com\/de\/#\/schema\/logo\/image\/\"}}]}<\/script>\n<!-- \/ Yoast SEO plugin. -->","yoast_head_json":{"title":"Casting Fr\u00fchjahr-Sommer 2021 Kollektion LookBook | Casting Colecci\u00f3n","description":"Casting Fr\u00fchjahr-Sommer 2021 Kollektion LookBook","robots":{"index":"index","follow":"follow","max-snippet":"max-snippet:-1","max-image-preview":"max-image-preview:large","max-video-preview":"max-video-preview:-1"},"canonical":"https:\/\/www.castingcoleccion.com\/de\/casting-fruehjahr-sommer-2021-kollektion-lookbook\/","og_locale":"de_DE","og_type":"article","og_title":"Casting Fr\u00fchjahr-Sommer 2021 Kollektion LookBook | Casting Colecci\u00f3n","og_description":"Casting Fr\u00fchjahr-Sommer 2021 Kollektion LookBook","og_url":"https:\/\/www.castingcoleccion.com\/de\/casting-fruehjahr-sommer-2021-kollektion-lookbook\/","og_site_name":"Casting Colecci\u00f3n","article_modified_time":"2021-03-02T16:36:19+00:00","twitter_card":"summary_large_image","twitter_misc":{"Gesch\u00e4tzte Lesezeit":"1\u00a0Minute"},"schema":{"@context":"https:\/\/schema.org","@graph":[{"@type":"WebPage","@id":"https:\/\/www.castingcoleccion.com\/de\/casting-fruehjahr-sommer-2021-kollektion-lookbook\/","url":"https:\/\/www.castingcoleccion.com\/de\/casting-fruehjahr-sommer-2021-kollektion-lookbook\/","name":"Casting Fr\u00fchjahr-Sommer 2021 Kollektion LookBook | Casting Colecci\u00f3n","isPartOf":{"@id":"https:\/\/www.castingcoleccion.com\/de\/#website"},"datePublished":"2021-03-02T16:30:54+00:00","dateModified":"2021-03-02T16:36:19+00:00","description":"Casting Fr\u00fchjahr-Sommer 2021 Kollektion LookBook","breadcrumb":{"@id":"https:\/\/www.castingcoleccion.com\/de\/casting-fruehjahr-sommer-2021-kollektion-lookbook\/#breadcrumb"},"inLanguage":"de","potentialAction":[{"@type":"ReadAction","target":["https:\/\/www.castingcoleccion.com\/de\/casting-fruehjahr-sommer-2021-kollektion-lookbook\/"]}]},{"@type":"BreadcrumbList","@id":"https:\/\/www.castingcoleccion.com\/de\/casting-fruehjahr-sommer-2021-kollektion-lookbook\/#breadcrumb","itemListElement":[{"@type":"ListItem","position":1,"name":"Portada","item":"https:\/\/www.castingcoleccion.com\/de\/home-fruehling-sommer-2026-kollektion\/"},{"@type":"ListItem","position":2,"name":"Casting Fr\u00fchjahr-Sommer 2021 Kollektion LookBook"}]},{"@type":"WebSite","@id":"https:\/\/www.castingcoleccion.com\/de\/#website","url":"https:\/\/www.castingcoleccion.com\/de\/","name":"Casting Colecci\u00f3n","description":"Casting Colecci\u00f3n. Vestidos de fiesta, ceremonia, cocktail y madrina. Moncho Heredia es una firma de dise\u00f1o de vestidos de fiesta y ceremonias para mujeres con estilo.","publisher":{"@id":"https:\/\/www.castingcoleccion.com\/de\/#organization"},"potentialAction":[{"@type":"SearchAction","target":{"@type":"EntryPoint","urlTemplate":"https:\/\/www.castingcoleccion.com\/de\/?s={search_term_string}"},"query-input":{"@type":"PropertyValueSpecification","valueRequired":true,"valueName":"search_term_string"}}],"inLanguage":"de"},{"@type":"Organization","@id":"https:\/\/www.castingcoleccion.com\/de\/#organization","name":"Casting Colecci\u00f3n","url":"https:\/\/www.castingcoleccion.com\/de\/","logo":{"@type":"ImageObject","inLanguage":"de","@id":"https:\/\/www.castingcoleccion.com\/de\/#\/schema\/logo\/image\/","url":"https:\/\/www.castingcoleccion.com\/wp-content\/uploads\/2018\/03\/imagotipo_moncho_1024.png","contentUrl":"https:\/\/www.castingcoleccion.com\/wp-content\/uploads\/2018\/03\/imagotipo_moncho_1024.png","width":1024,"height":1024,"caption":"Casting Colecci\u00f3n"},"image":{"@id":"https:\/\/www.castingcoleccion.com\/de\/#\/schema\/logo\/image\/"}}]}},"_links":{"self":[{"href":"https:\/\/www.castingcoleccion.com\/de\/wp-json\/wp\/v2\/pages\/66604","targetHints":{"allow":["GET"]}}],"collection":[{"href":"https:\/\/www.castingcoleccion.com\/de\/wp-json\/wp\/v2\/pages"}],"about":[{"href":"https:\/\/www.castingcoleccion.com\/de\/wp-json\/wp\/v2\/types\/page"}],"author":[{"embeddable":true,"href":"https:\/\/www.castingcoleccion.com\/de\/wp-json\/wp\/v2\/users\/1"}],"replies":[{"embeddable":true,"href":"https:\/\/www.castingcoleccion.com\/de\/wp-json\/wp\/v2\/comments?post=66604"}],"version-history":[{"count":3,"href":"https:\/\/www.castingcoleccion.com\/de\/wp-json\/wp\/v2\/pages\/66604\/revisions"}],"predecessor-version":[{"id":66635,"href":"https:\/\/www.castingcoleccion.com\/de\/wp-json\/wp\/v2\/pages\/66604\/revisions\/66635"}],"wp:attachment":[{"href":"https:\/\/www.castingcoleccion.com\/de\/wp-json\/wp\/v2\/media?parent=66604"}],"curies":[{"name":"wp","href":"https:\/\/api.w.org\/{rel}","templated":true}]}}