{"id":76153,"date":"2022-01-18T08:31:43","date_gmt":"2022-01-18T08:31:43","guid":{"rendered":"https:\/\/www.castingcoleccion.com\/casting-boho-2022-kollektion-lookbook\/chaquetas-y-abrigos\/"},"modified":"2022-01-28T18:40:15","modified_gmt":"2022-01-28T18:40:15","slug":"jacken-und-maentel","status":"publish","type":"page","link":"https:\/\/www.castingcoleccion.com\/de\/casting-boho-2022-kollektion-lookbook\/jacken-und-maentel\/","title":{"rendered":"Casting Boho 2022 Kollektion LookBook &#8211; Jacken und M\u00e4ntel"},"content":{"rendered":"<div class=\"wpb-content-wrapper\"><p>[vc_row][vc_column][vc_wp_custommenu nav_menu=&#8220;605&#8243; el_class=&#8220;menuhorizontal&#8220;][\/vc_column][\/vc_row]<\/p>\n<\/div>","protected":false},"excerpt":{"rendered":"<p>[vc_row][vc_column][vc_wp_custommenu nav_menu=&#8220;605&#8243; el_class=&#8220;menuhorizontal&#8220;][\/vc_column][\/vc_row]<\/p>\n","protected":false},"author":13,"featured_media":0,"parent":76121,"menu_order":0,"comment_status":"closed","ping_status":"closed","template":"template-media.php","meta":{"footnotes":""},"class_list":["post-76153","page","type-page","status-publish","hentry","description-off"],"yoast_head":"<!-- This site is optimized with the Yoast SEO plugin v26.6 - https:\/\/yoast.com\/wordpress\/plugins\/seo\/ -->\n<title>Casting Boho 2022 Kollektion LookBook - Jacken und M\u00e4ntel | Casting Colecci\u00f3n<\/title>\n<meta name=\"robots\" content=\"index, follow, max-snippet:-1, max-image-preview:large, max-video-preview:-1\" \/>\n<link rel=\"canonical\" href=\"https:\/\/www.castingcoleccion.com\/de\/casting-boho-2022-kollektion-lookbook\/jacken-und-maentel\/\" \/>\n<meta property=\"og:locale\" content=\"de_DE\" \/>\n<meta property=\"og:type\" content=\"article\" \/>\n<meta property=\"og:title\" content=\"Casting Boho 2022 Kollektion LookBook - Jacken und M\u00e4ntel | Casting Colecci\u00f3n\" \/>\n<meta property=\"og:description\" content=\"[vc_row][vc_column][vc_wp_custommenu nav_menu=&#8220;605&#8243; el_class=&#8220;menuhorizontal&#8220;][\/vc_column][\/vc_row]\" \/>\n<meta property=\"og:url\" content=\"https:\/\/www.castingcoleccion.com\/de\/casting-boho-2022-kollektion-lookbook\/jacken-und-maentel\/\" \/>\n<meta property=\"og:site_name\" content=\"Casting Colecci\u00f3n\" \/>\n<meta property=\"article:modified_time\" content=\"2022-01-28T18:40:15+00:00\" \/>\n<meta name=\"twitter:card\" content=\"summary_large_image\" \/>\n<meta name=\"twitter:label1\" content=\"Gesch\u00e4tzte Lesezeit\" \/>\n\t<meta name=\"twitter:data1\" content=\"1\u00a0Minute\" \/>\n<script type=\"application\/ld+json\" class=\"yoast-schema-graph\">{\"@context\":\"https:\/\/schema.org\",\"@graph\":[{\"@type\":\"WebPage\",\"@id\":\"https:\/\/www.castingcoleccion.com\/de\/casting-boho-2022-kollektion-lookbook\/jacken-und-maentel\/\",\"url\":\"https:\/\/www.castingcoleccion.com\/de\/casting-boho-2022-kollektion-lookbook\/jacken-und-maentel\/\",\"name\":\"Casting Boho 2022 Kollektion LookBook - Jacken und M\u00e4ntel | Casting Colecci\u00f3n\",\"isPartOf\":{\"@id\":\"https:\/\/www.castingcoleccion.com\/de\/#website\"},\"datePublished\":\"2022-01-18T08:31:43+00:00\",\"dateModified\":\"2022-01-28T18:40:15+00:00\",\"breadcrumb\":{\"@id\":\"https:\/\/www.castingcoleccion.com\/de\/casting-boho-2022-kollektion-lookbook\/jacken-und-maentel\/#breadcrumb\"},\"inLanguage\":\"de\",\"potentialAction\":[{\"@type\":\"ReadAction\",\"target\":[\"https:\/\/www.castingcoleccion.com\/de\/casting-boho-2022-kollektion-lookbook\/jacken-und-maentel\/\"]}]},{\"@type\":\"BreadcrumbList\",\"@id\":\"https:\/\/www.castingcoleccion.com\/de\/casting-boho-2022-kollektion-lookbook\/jacken-und-maentel\/#breadcrumb\",\"itemListElement\":[{\"@type\":\"ListItem\",\"position\":1,\"name\":\"Portada\",\"item\":\"https:\/\/www.castingcoleccion.com\/de\/home-fruehling-sommer-2026-kollektion\/\"},{\"@type\":\"ListItem\",\"position\":2,\"name\":\"Casting Boho 2022 Kollektion LookBook\",\"item\":\"https:\/\/www.castingcoleccion.com\/de\/casting-boho-2022-kollektion-lookbook\/\"},{\"@type\":\"ListItem\",\"position\":3,\"name\":\"Casting Boho 2022 Kollektion LookBook &#8211; Jacken und M\u00e4ntel\"}]},{\"@type\":\"WebSite\",\"@id\":\"https:\/\/www.castingcoleccion.com\/de\/#website\",\"url\":\"https:\/\/www.castingcoleccion.com\/de\/\",\"name\":\"Casting Colecci\u00f3n\",\"description\":\"Casting Colecci\u00f3n. Vestidos de fiesta, ceremonia, cocktail y madrina. Moncho Heredia es una firma de dise\u00f1o de vestidos de fiesta y ceremonias para mujeres con estilo.\",\"publisher\":{\"@id\":\"https:\/\/www.castingcoleccion.com\/de\/#organization\"},\"potentialAction\":[{\"@type\":\"SearchAction\",\"target\":{\"@type\":\"EntryPoint\",\"urlTemplate\":\"https:\/\/www.castingcoleccion.com\/de\/?s={search_term_string}\"},\"query-input\":{\"@type\":\"PropertyValueSpecification\",\"valueRequired\":true,\"valueName\":\"search_term_string\"}}],\"inLanguage\":\"de\"},{\"@type\":\"Organization\",\"@id\":\"https:\/\/www.castingcoleccion.com\/de\/#organization\",\"name\":\"Casting Colecci\u00f3n\",\"url\":\"https:\/\/www.castingcoleccion.com\/de\/\",\"logo\":{\"@type\":\"ImageObject\",\"inLanguage\":\"de\",\"@id\":\"https:\/\/www.castingcoleccion.com\/de\/#\/schema\/logo\/image\/\",\"url\":\"https:\/\/www.castingcoleccion.com\/wp-content\/uploads\/2018\/03\/imagotipo_moncho_1024.png\",\"contentUrl\":\"https:\/\/www.castingcoleccion.com\/wp-content\/uploads\/2018\/03\/imagotipo_moncho_1024.png\",\"width\":1024,\"height\":1024,\"caption\":\"Casting Colecci\u00f3n\"},\"image\":{\"@id\":\"https:\/\/www.castingcoleccion.com\/de\/#\/schema\/logo\/image\/\"}}]}<\/script>\n<!-- \/ Yoast SEO plugin. -->","yoast_head_json":{"title":"Casting Boho 2022 Kollektion LookBook - Jacken und M\u00e4ntel | Casting Colecci\u00f3n","robots":{"index":"index","follow":"follow","max-snippet":"max-snippet:-1","max-image-preview":"max-image-preview:large","max-video-preview":"max-video-preview:-1"},"canonical":"https:\/\/www.castingcoleccion.com\/de\/casting-boho-2022-kollektion-lookbook\/jacken-und-maentel\/","og_locale":"de_DE","og_type":"article","og_title":"Casting Boho 2022 Kollektion LookBook - Jacken und M\u00e4ntel | Casting Colecci\u00f3n","og_description":"[vc_row][vc_column][vc_wp_custommenu nav_menu=&#8220;605&#8243; el_class=&#8220;menuhorizontal&#8220;][\/vc_column][\/vc_row]","og_url":"https:\/\/www.castingcoleccion.com\/de\/casting-boho-2022-kollektion-lookbook\/jacken-und-maentel\/","og_site_name":"Casting Colecci\u00f3n","article_modified_time":"2022-01-28T18:40:15+00:00","twitter_card":"summary_large_image","twitter_misc":{"Gesch\u00e4tzte Lesezeit":"1\u00a0Minute"},"schema":{"@context":"https:\/\/schema.org","@graph":[{"@type":"WebPage","@id":"https:\/\/www.castingcoleccion.com\/de\/casting-boho-2022-kollektion-lookbook\/jacken-und-maentel\/","url":"https:\/\/www.castingcoleccion.com\/de\/casting-boho-2022-kollektion-lookbook\/jacken-und-maentel\/","name":"Casting Boho 2022 Kollektion LookBook - Jacken und M\u00e4ntel | Casting Colecci\u00f3n","isPartOf":{"@id":"https:\/\/www.castingcoleccion.com\/de\/#website"},"datePublished":"2022-01-18T08:31:43+00:00","dateModified":"2022-01-28T18:40:15+00:00","breadcrumb":{"@id":"https:\/\/www.castingcoleccion.com\/de\/casting-boho-2022-kollektion-lookbook\/jacken-und-maentel\/#breadcrumb"},"inLanguage":"de","potentialAction":[{"@type":"ReadAction","target":["https:\/\/www.castingcoleccion.com\/de\/casting-boho-2022-kollektion-lookbook\/jacken-und-maentel\/"]}]},{"@type":"BreadcrumbList","@id":"https:\/\/www.castingcoleccion.com\/de\/casting-boho-2022-kollektion-lookbook\/jacken-und-maentel\/#breadcrumb","itemListElement":[{"@type":"ListItem","position":1,"name":"Portada","item":"https:\/\/www.castingcoleccion.com\/de\/home-fruehling-sommer-2026-kollektion\/"},{"@type":"ListItem","position":2,"name":"Casting Boho 2022 Kollektion LookBook","item":"https:\/\/www.castingcoleccion.com\/de\/casting-boho-2022-kollektion-lookbook\/"},{"@type":"ListItem","position":3,"name":"Casting Boho 2022 Kollektion LookBook &#8211; Jacken und M\u00e4ntel"}]},{"@type":"WebSite","@id":"https:\/\/www.castingcoleccion.com\/de\/#website","url":"https:\/\/www.castingcoleccion.com\/de\/","name":"Casting Colecci\u00f3n","description":"Casting Colecci\u00f3n. Vestidos de fiesta, ceremonia, cocktail y madrina. Moncho Heredia es una firma de dise\u00f1o de vestidos de fiesta y ceremonias para mujeres con estilo.","publisher":{"@id":"https:\/\/www.castingcoleccion.com\/de\/#organization"},"potentialAction":[{"@type":"SearchAction","target":{"@type":"EntryPoint","urlTemplate":"https:\/\/www.castingcoleccion.com\/de\/?s={search_term_string}"},"query-input":{"@type":"PropertyValueSpecification","valueRequired":true,"valueName":"search_term_string"}}],"inLanguage":"de"},{"@type":"Organization","@id":"https:\/\/www.castingcoleccion.com\/de\/#organization","name":"Casting Colecci\u00f3n","url":"https:\/\/www.castingcoleccion.com\/de\/","logo":{"@type":"ImageObject","inLanguage":"de","@id":"https:\/\/www.castingcoleccion.com\/de\/#\/schema\/logo\/image\/","url":"https:\/\/www.castingcoleccion.com\/wp-content\/uploads\/2018\/03\/imagotipo_moncho_1024.png","contentUrl":"https:\/\/www.castingcoleccion.com\/wp-content\/uploads\/2018\/03\/imagotipo_moncho_1024.png","width":1024,"height":1024,"caption":"Casting Colecci\u00f3n"},"image":{"@id":"https:\/\/www.castingcoleccion.com\/de\/#\/schema\/logo\/image\/"}}]}},"_links":{"self":[{"href":"https:\/\/www.castingcoleccion.com\/de\/wp-json\/wp\/v2\/pages\/76153","targetHints":{"allow":["GET"]}}],"collection":[{"href":"https:\/\/www.castingcoleccion.com\/de\/wp-json\/wp\/v2\/pages"}],"about":[{"href":"https:\/\/www.castingcoleccion.com\/de\/wp-json\/wp\/v2\/types\/page"}],"author":[{"embeddable":true,"href":"https:\/\/www.castingcoleccion.com\/de\/wp-json\/wp\/v2\/users\/13"}],"replies":[{"embeddable":true,"href":"https:\/\/www.castingcoleccion.com\/de\/wp-json\/wp\/v2\/comments?post=76153"}],"version-history":[{"count":4,"href":"https:\/\/www.castingcoleccion.com\/de\/wp-json\/wp\/v2\/pages\/76153\/revisions"}],"predecessor-version":[{"id":76682,"href":"https:\/\/www.castingcoleccion.com\/de\/wp-json\/wp\/v2\/pages\/76153\/revisions\/76682"}],"up":[{"embeddable":true,"href":"https:\/\/www.castingcoleccion.com\/de\/wp-json\/wp\/v2\/pages\/76121"}],"wp:attachment":[{"href":"https:\/\/www.castingcoleccion.com\/de\/wp-json\/wp\/v2\/media?parent=76153"}],"curies":[{"name":"wp","href":"https:\/\/api.w.org\/{rel}","templated":true}]}}