{"id":73360,"date":"2021-04-20T08:16:39","date_gmt":"2021-04-20T08:16:39","guid":{"rendered":"https:\/\/www.castingcoleccion.com\/modelo\/17213034-pantalon\/"},"modified":"2022-05-06T10:20:12","modified_gmt":"2022-05-06T10:20:12","slug":"17213034-pantalon","status":"publish","type":"product","link":"https:\/\/www.castingcoleccion.com\/de\/modelo\/17213034-pantalon\/","title":{"rendered":"Ref. 17213034"},"content":{"rendered":"<p>Pantal\u00f3n con la referencia 17213034 de la colecci\u00f3n Outlet de Casting Colecci\u00f3n<\/p>\n","protected":false},"excerpt":{"rendered":"<p>Pantal\u00f3n con la referencia 17213034 de la colecci\u00f3n Outlet de Casting Colecci\u00f3n<\/p>\n","protected":false},"featured_media":0,"template":"","meta":[],"pwb-brand":[503],"product_brand":[],"product_cat":[504],"product_tag":[505],"class_list":{"0":"post-73360","1":"product","2":"type-product","3":"status-publish","5":"pwb-brand-casting-coleccion","6":"product_cat-pantalones","7":"product_tag-otono-invierno","8":"pa_color-azul","9":"pa_talla-507","10":"pa_talla-508","11":"pa_talla-509","12":"pa_talla-510","13":"description-off","15":"first","16":"instock","17":"sale","18":"taxable","19":"shipping-taxable","20":"purchasable","21":"product-type-variable","22":"has-default-attributes"},"yoast_head":"<!-- This site is optimized with the Yoast SEO plugin v26.6 - https:\/\/yoast.com\/wordpress\/plugins\/seo\/ -->\n<title>Pantal\u00f3n con la referencia 17213034 de la colecci\u00f3n Outlet de Casting Colecci\u00f3n<\/title>\n<meta name=\"description\" content=\"Pantal\u00f3n con la referencia 17213034 de la colecci\u00f3n Outlet de Casting Colecci\u00f3n. Oto\u00f1o-Invierno Casting Colecci\u00f3n\" \/>\n<meta name=\"robots\" content=\"noindex, follow\" \/>\n<meta property=\"og:locale\" content=\"de_DE\" \/>\n<meta property=\"og:type\" content=\"article\" \/>\n<meta property=\"og:title\" content=\"Ref. 17213034 | Pantal\u00f3n con la referencia 17213034 de la colecci\u00f3n Outlet de Casting Colecci\u00f3n. Casting Colecci\u00f3n\" \/>\n<meta property=\"og:description\" content=\"Pantal\u00f3n con la referencia 17213034 de la colecci\u00f3n Outlet de Casting Colecci\u00f3n\" \/>\n<meta property=\"og:url\" content=\"https:\/\/www.castingcoleccion.com\/de\/modelo\/17213034-pantalon\/\" \/>\n<meta property=\"og:site_name\" content=\"Casting Colecci\u00f3n\" \/>\n<meta property=\"article:modified_time\" content=\"2022-05-06T10:20:12+00:00\" \/>\n<meta property=\"og:image\" content=\"https:\/\/www.castingcoleccion.com\/wp-content\/uploads\/2021\/04\/17213034-303.4_fb.jpg\" \/>\n\t<meta property=\"og:image:width\" content=\"900\" \/>\n\t<meta property=\"og:image:height\" content=\"900\" \/>\n\t<meta property=\"og:image:type\" content=\"image\/jpeg\" \/>\n<meta name=\"twitter:card\" content=\"summary_large_image\" \/>\n<meta name=\"twitter:title\" content=\"Ref. 17213034 | Pantal\u00f3n con la referencia 17213034 de la colecci\u00f3n Outlet de Casting Colecci\u00f3n. Casting Colecci\u00f3n\" \/>\n<meta name=\"twitter:description\" content=\"Pantal\u00f3n con la referencia 17213034 de la colecci\u00f3n Outlet de Casting Colecci\u00f3n\" \/>\n<script type=\"application\/ld+json\" class=\"yoast-schema-graph\">{\"@context\":\"https:\/\/schema.org\",\"@graph\":[{\"@type\":\"WebPage\",\"@id\":\"https:\/\/www.castingcoleccion.com\/de\/modelo\/17213034-pantalon\/\",\"url\":\"https:\/\/www.castingcoleccion.com\/de\/modelo\/17213034-pantalon\/\",\"name\":\"Pantal\u00f3n con la referencia 17213034 de la colecci\u00f3n Outlet de Casting Colecci\u00f3n\",\"isPartOf\":{\"@id\":\"https:\/\/www.castingcoleccion.com\/de\/#website\"},\"datePublished\":\"2021-04-20T08:16:39+00:00\",\"dateModified\":\"2022-05-06T10:20:12+00:00\",\"description\":\"Pantal\u00f3n con la referencia 17213034 de la colecci\u00f3n Outlet de Casting Colecci\u00f3n. Oto\u00f1o-Invierno Casting Colecci\u00f3n\",\"breadcrumb\":{\"@id\":\"https:\/\/www.castingcoleccion.com\/de\/modelo\/17213034-pantalon\/#breadcrumb\"},\"inLanguage\":\"de\",\"potentialAction\":[{\"@type\":\"ReadAction\",\"target\":[\"https:\/\/www.castingcoleccion.com\/de\/modelo\/17213034-pantalon\/\"]}]},{\"@type\":\"BreadcrumbList\",\"@id\":\"https:\/\/www.castingcoleccion.com\/de\/modelo\/17213034-pantalon\/#breadcrumb\",\"itemListElement\":[{\"@type\":\"ListItem\",\"position\":1,\"name\":\"Portada\",\"item\":\"https:\/\/www.castingcoleccion.com\/de\/home-fruehling-sommer-2026-kollektion\/\"},{\"@type\":\"ListItem\",\"position\":2,\"name\":\"Tienda Online\",\"item\":\"https:\/\/www.castingcoleccion.com\/?page_id=67000\"},{\"@type\":\"ListItem\",\"position\":3,\"name\":\"Ref. 17213034\"}]},{\"@type\":\"WebSite\",\"@id\":\"https:\/\/www.castingcoleccion.com\/de\/#website\",\"url\":\"https:\/\/www.castingcoleccion.com\/de\/\",\"name\":\"Casting Colecci\u00f3n\",\"description\":\"Casting Colecci\u00f3n. Vestidos de fiesta, ceremonia, cocktail y madrina. Moncho Heredia es una firma de dise\u00f1o de vestidos de fiesta y ceremonias para mujeres con estilo.\",\"publisher\":{\"@id\":\"https:\/\/www.castingcoleccion.com\/de\/#organization\"},\"potentialAction\":[{\"@type\":\"SearchAction\",\"target\":{\"@type\":\"EntryPoint\",\"urlTemplate\":\"https:\/\/www.castingcoleccion.com\/de\/?s={search_term_string}\"},\"query-input\":{\"@type\":\"PropertyValueSpecification\",\"valueRequired\":true,\"valueName\":\"search_term_string\"}}],\"inLanguage\":\"de\"},{\"@type\":\"Organization\",\"@id\":\"https:\/\/www.castingcoleccion.com\/de\/#organization\",\"name\":\"Casting Colecci\u00f3n\",\"url\":\"https:\/\/www.castingcoleccion.com\/de\/\",\"logo\":{\"@type\":\"ImageObject\",\"inLanguage\":\"de\",\"@id\":\"https:\/\/www.castingcoleccion.com\/de\/#\/schema\/logo\/image\/\",\"url\":\"https:\/\/www.castingcoleccion.com\/wp-content\/uploads\/2018\/03\/imagotipo_moncho_1024.png\",\"contentUrl\":\"https:\/\/www.castingcoleccion.com\/wp-content\/uploads\/2018\/03\/imagotipo_moncho_1024.png\",\"width\":1024,\"height\":1024,\"caption\":\"Casting Colecci\u00f3n\"},\"image\":{\"@id\":\"https:\/\/www.castingcoleccion.com\/de\/#\/schema\/logo\/image\/\"}}]}<\/script>\n<!-- \/ Yoast SEO plugin. -->","yoast_head_json":{"title":"Pantal\u00f3n con la referencia 17213034 de la colecci\u00f3n Outlet de Casting Colecci\u00f3n","description":"Pantal\u00f3n con la referencia 17213034 de la colecci\u00f3n Outlet de Casting Colecci\u00f3n. Oto\u00f1o-Invierno Casting Colecci\u00f3n","robots":{"index":"noindex","follow":"follow"},"og_locale":"de_DE","og_type":"article","og_title":"Ref. 17213034 | Pantal\u00f3n con la referencia 17213034 de la colecci\u00f3n Outlet de Casting Colecci\u00f3n. Casting Colecci\u00f3n","og_description":"Pantal\u00f3n con la referencia 17213034 de la colecci\u00f3n Outlet de Casting Colecci\u00f3n","og_url":"https:\/\/www.castingcoleccion.com\/de\/modelo\/17213034-pantalon\/","og_site_name":"Casting Colecci\u00f3n","article_modified_time":"2022-05-06T10:20:12+00:00","og_image":[{"width":900,"height":900,"url":"https:\/\/www.castingcoleccion.com\/wp-content\/uploads\/2021\/04\/17213034-303.4_fb.jpg","type":"image\/jpeg"}],"twitter_card":"summary_large_image","twitter_title":"Ref. 17213034 | Pantal\u00f3n con la referencia 17213034 de la colecci\u00f3n Outlet de Casting Colecci\u00f3n. Casting Colecci\u00f3n","twitter_description":"Pantal\u00f3n con la referencia 17213034 de la colecci\u00f3n Outlet de Casting Colecci\u00f3n","schema":{"@context":"https:\/\/schema.org","@graph":[{"@type":"WebPage","@id":"https:\/\/www.castingcoleccion.com\/de\/modelo\/17213034-pantalon\/","url":"https:\/\/www.castingcoleccion.com\/de\/modelo\/17213034-pantalon\/","name":"Pantal\u00f3n con la referencia 17213034 de la colecci\u00f3n Outlet de Casting Colecci\u00f3n","isPartOf":{"@id":"https:\/\/www.castingcoleccion.com\/de\/#website"},"datePublished":"2021-04-20T08:16:39+00:00","dateModified":"2022-05-06T10:20:12+00:00","description":"Pantal\u00f3n con la referencia 17213034 de la colecci\u00f3n Outlet de Casting Colecci\u00f3n. Oto\u00f1o-Invierno Casting Colecci\u00f3n","breadcrumb":{"@id":"https:\/\/www.castingcoleccion.com\/de\/modelo\/17213034-pantalon\/#breadcrumb"},"inLanguage":"de","potentialAction":[{"@type":"ReadAction","target":["https:\/\/www.castingcoleccion.com\/de\/modelo\/17213034-pantalon\/"]}]},{"@type":"BreadcrumbList","@id":"https:\/\/www.castingcoleccion.com\/de\/modelo\/17213034-pantalon\/#breadcrumb","itemListElement":[{"@type":"ListItem","position":1,"name":"Portada","item":"https:\/\/www.castingcoleccion.com\/de\/home-fruehling-sommer-2026-kollektion\/"},{"@type":"ListItem","position":2,"name":"Tienda Online","item":"https:\/\/www.castingcoleccion.com\/?page_id=67000"},{"@type":"ListItem","position":3,"name":"Ref. 17213034"}]},{"@type":"WebSite","@id":"https:\/\/www.castingcoleccion.com\/de\/#website","url":"https:\/\/www.castingcoleccion.com\/de\/","name":"Casting Colecci\u00f3n","description":"Casting Colecci\u00f3n. Vestidos de fiesta, ceremonia, cocktail y madrina. Moncho Heredia es una firma de dise\u00f1o de vestidos de fiesta y ceremonias para mujeres con estilo.","publisher":{"@id":"https:\/\/www.castingcoleccion.com\/de\/#organization"},"potentialAction":[{"@type":"SearchAction","target":{"@type":"EntryPoint","urlTemplate":"https:\/\/www.castingcoleccion.com\/de\/?s={search_term_string}"},"query-input":{"@type":"PropertyValueSpecification","valueRequired":true,"valueName":"search_term_string"}}],"inLanguage":"de"},{"@type":"Organization","@id":"https:\/\/www.castingcoleccion.com\/de\/#organization","name":"Casting Colecci\u00f3n","url":"https:\/\/www.castingcoleccion.com\/de\/","logo":{"@type":"ImageObject","inLanguage":"de","@id":"https:\/\/www.castingcoleccion.com\/de\/#\/schema\/logo\/image\/","url":"https:\/\/www.castingcoleccion.com\/wp-content\/uploads\/2018\/03\/imagotipo_moncho_1024.png","contentUrl":"https:\/\/www.castingcoleccion.com\/wp-content\/uploads\/2018\/03\/imagotipo_moncho_1024.png","width":1024,"height":1024,"caption":"Casting Colecci\u00f3n"},"image":{"@id":"https:\/\/www.castingcoleccion.com\/de\/#\/schema\/logo\/image\/"}}]}},"brands":[{"id":503,"name":"Casting Colecci\u00f3n","slug":"casting-coleccion"}],"_links":{"self":[{"href":"https:\/\/www.castingcoleccion.com\/de\/wp-json\/wp\/v2\/product\/73360","targetHints":{"allow":["GET"]}}],"collection":[{"href":"https:\/\/www.castingcoleccion.com\/de\/wp-json\/wp\/v2\/product"}],"about":[{"href":"https:\/\/www.castingcoleccion.com\/de\/wp-json\/wp\/v2\/types\/product"}],"wp:attachment":[{"href":"https:\/\/www.castingcoleccion.com\/de\/wp-json\/wp\/v2\/media?parent=73360"}],"wp:term":[{"taxonomy":"pwb-brand","embeddable":true,"href":"https:\/\/www.castingcoleccion.com\/de\/wp-json\/wp\/v2\/pwb-brand?post=73360"},{"taxonomy":"product_brand","embeddable":true,"href":"https:\/\/www.castingcoleccion.com\/de\/wp-json\/wp\/v2\/product_brand?post=73360"},{"taxonomy":"product_cat","embeddable":true,"href":"https:\/\/www.castingcoleccion.com\/de\/wp-json\/wp\/v2\/product_cat?post=73360"},{"taxonomy":"product_tag","embeddable":true,"href":"https:\/\/www.castingcoleccion.com\/de\/wp-json\/wp\/v2\/product_tag?post=73360"}],"curies":[{"name":"wp","href":"https:\/\/api.w.org\/{rel}","templated":true}]}}