{"id":81219,"date":"2023-06-26T10:17:02","date_gmt":"2023-06-26T10:17:02","guid":{"rendered":"https:\/\/www.castingcoleccion.com\/inicio-coleccion-flash-2023\/"},"modified":"2023-06-27T07:21:32","modified_gmt":"2023-06-27T07:21:32","slug":"home-coleccion-flash-2023","status":"publish","type":"page","link":"https:\/\/www.castingcoleccion.com\/en\/home-coleccion-flash-2023\/","title":{"rendered":"Home &#8211; Colecci\u00f3n Flash 2023"},"content":{"rendered":"<div class=\"wpb-content-wrapper\"><p>[vc_row full_width=&#8221;stretch_row_content_no_spaces&#8221; content_placement=&#8221;middle&#8221; css=&#8221;.vc_custom_1509959359244{margin-top: 0px !important;margin-right: 0px !important;margin-bottom: 0px !important;margin-left: 0px !important;border-top-width: 0px !important;border-right-width: 0px !important;border-bottom-width: 0px !important;border-left-width: 0px !important;padding-top: 0px !important;padding-right: 0px !important;padding-bottom: 0px !important;padding-left: 0px !important;}&#8221;][vc_column width=&#8221;1\/2&#8243; css=&#8221;.vc_custom_1509959893322{margin-top: 0px !important;margin-bottom: 0px !important;margin-left: 0px !important;border-top-width: 0px !important;border-right-width: 0px !important;border-bottom-width: 0px !important;border-left-width: 0px !important;padding-top: 0px !important;padding-right: 0px !important;padding-bottom: 0px !important;padding-left: 0px !important;}&#8221;]<div tabindex=\"0\" class=\"ult-new-ib ult-ib-effect-style6  ult-ib-resp   vc_custom_1687850294255\" data-min-width=\"768\" data-max-width=\"900\" style=\"background:rgba(240,240,240,0.5);\" data-opacity=\"0.85\" data-hover-opacity=\"1\" ><img decoding=\"async\" class=\"ult-new-ib-img\" style=\"opacity:0.85;\" alt=\"null\" src=\"https:\/\/www.castingcoleccion.com\/wp-content\/uploads\/2023\/02\/portada-jardin-encantado-2023-imagen.jpg\"   \/><div id=\"interactive-banner-wrap-3098\" class=\"ult-new-ib-desc\" style=\"\"><h1 class=\"ult-new-ib-title ult-responsive\"  data-ultimate-target='#interactive-banner-wrap-3098 .ult-new-ib-title'  data-responsive-json-new='{\"font-size\":\"desktop:50px;\",\"line-height\":\"desktop:48px;\"}'  style=\"font-family:&#039;Montserrat&#039;;font-weight:600;color:#ffffff;\">Jard\u00edn Encantado<sub>Casting Colecci\u00f3n<\/sub><\/h1><\/div><a class=\"ult-new-ib-link\" href=\"https:\/\/www.castingcoleccion.com\/en\/vestidos\/jardin-encantado-collection\/\" title=\"Jard\u00edn Encantado Collection\"  ><\/a><\/div>[\/vc_column][vc_column width=&#8221;1\/2&#8243; css=&#8221;.vc_custom_1509959883125{margin-top: 0px !important;margin-right: 0px !important;margin-bottom: 0px !important;margin-left: 0px !important;border-top-width: 0px !important;border-right-width: 0px !important;border-bottom-width: 0px !important;border-left-width: 0px !important;padding-top: 0px !important;padding-right: 0px !important;padding-bottom: 0px !important;padding-left: 0px !important;}&#8221;]<div tabindex=\"0\" class=\"ult-new-ib ult-ib-effect-style6  ult-ib-resp   vc_custom_1687850328344\" data-min-width=\"768\" data-max-width=\"900\" style=\"background:rgba(240,240,240,0.5);\" data-opacity=\"0.85\" data-hover-opacity=\"1\" ><img decoding=\"async\" class=\"ult-new-ib-img\" style=\"opacity:0.85;\" alt=\"null\" src=\"https:\/\/www.castingcoleccion.com\/wp-content\/uploads\/2023\/02\/portada-jardin-encantado-2023-lookbook.jpg\"   \/><div id=\"interactive-banner-wrap-6937\" class=\"ult-new-ib-desc\" style=\"\"><h1 class=\"ult-new-ib-title ult-responsive\"  data-ultimate-target='#interactive-banner-wrap-6937 .ult-new-ib-title'  data-responsive-json-new='{\"font-size\":\"desktop:50px;\",\"line-height\":\"desktop:48px;\"}'  style=\"font-family:&#039;Montserrat&#039;;font-weight:600;color:#ffffff;\">Jard\u00edn Encantado<sub>Look Book<\/sub><\/h1><\/div><a class=\"ult-new-ib-link\" href=\"https:\/\/www.castingcoleccion.com\/en\/jardin-encantado-2023-collection-lookbook\/\" title=\"Jard\u00edn Encantado 2023 Collection LookBook\"  ><\/a><\/div>[\/vc_column][\/vc_row][vc_row full_width=&#8221;stretch_row_content_no_spaces&#8221; content_placement=&#8221;middle&#8221; css=&#8221;.vc_custom_1509959359244{margin-top: 0px !important;margin-right: 0px !important;margin-bottom: 0px !important;margin-left: 0px !important;border-top-width: 0px !important;border-right-width: 0px !important;border-bottom-width: 0px !important;border-left-width: 0px !important;padding-top: 0px !important;padding-right: 0px !important;padding-bottom: 0px !important;padding-left: 0px !important;}&#8221;][vc_column width=&#8221;1\/2&#8243; css=&#8221;.vc_custom_1509959893322{margin-top: 0px !important;margin-bottom: 0px !important;margin-left: 0px !important;border-top-width: 0px !important;border-right-width: 0px !important;border-bottom-width: 0px !important;border-left-width: 0px !important;padding-top: 0px !important;padding-right: 0px !important;padding-bottom: 0px !important;padding-left: 0px !important;}&#8221;]<div tabindex=\"0\" class=\"ult-new-ib ult-ib-effect-style6  ult-ib-resp   vc_custom_1687850360278\" data-min-width=\"768\" data-max-width=\"900\" style=\"background:rgba(240,240,240,0.5);\" data-opacity=\"0.85\" data-hover-opacity=\"1\" ><img decoding=\"async\" class=\"ult-new-ib-img\" style=\"opacity:0.85;\" alt=\"null\" src=\"https:\/\/www.castingcoleccion.com\/wp-content\/uploads\/2023\/02\/portada-little-casting-2023-imagen.jpg\"   \/><div id=\"interactive-banner-wrap-5640\" class=\"ult-new-ib-desc\" style=\"\"><h1 class=\"ult-new-ib-title ult-responsive\"  data-ultimate-target='#interactive-banner-wrap-5640 .ult-new-ib-title'  data-responsive-json-new='{\"font-size\":\"desktop:50px;\",\"line-height\":\"desktop:48px;\"}'  style=\"font-family:&#039;Montserrat&#039;;font-weight:600;color:#ffffff;\">Little Casting<sub>Colecci\u00f3n<\/sub><\/h1><\/div><a class=\"ult-new-ib-link\" href=\"https:\/\/www.castingcoleccion.com\/en\/vestidos\/little-casting-collection-2023\/\" title=\"Little Casting Collection 2023\"  ><\/a><\/div>[\/vc_column][vc_column width=&#8221;1\/2&#8243; css=&#8221;.vc_custom_1509959883125{margin-top: 0px !important;margin-right: 0px !important;margin-bottom: 0px !important;margin-left: 0px !important;border-top-width: 0px !important;border-right-width: 0px !important;border-bottom-width: 0px !important;border-left-width: 0px !important;padding-top: 0px !important;padding-right: 0px !important;padding-bottom: 0px !important;padding-left: 0px !important;}&#8221;]<div tabindex=\"0\" class=\"ult-new-ib ult-ib-effect-style6  ult-ib-resp   vc_custom_1687850391904\" data-min-width=\"768\" data-max-width=\"900\" style=\"background:rgba(240,240,240,0.5);\" data-opacity=\"0.85\" data-hover-opacity=\"1\" ><img decoding=\"async\" class=\"ult-new-ib-img\" style=\"opacity:0.85;\" alt=\"null\" src=\"https:\/\/www.castingcoleccion.com\/wp-content\/uploads\/2023\/02\/portada-little-casting-2023-lookbook.jpg\"   \/><div id=\"interactive-banner-wrap-2382\" class=\"ult-new-ib-desc\" style=\"\"><h1 class=\"ult-new-ib-title ult-responsive\"  data-ultimate-target='#interactive-banner-wrap-2382 .ult-new-ib-title'  data-responsive-json-new='{\"font-size\":\"desktop:50px;\",\"line-height\":\"desktop:48px;\"}'  style=\"font-family:&#039;Montserrat&#039;;font-weight:600;color:#ffffff;\">Little Casting<sub>Lookbook<\/sub><\/h1><\/div><a class=\"ult-new-ib-link\" href=\"https:\/\/www.castingcoleccion.com\/en\/little-casting-2023-collection-lookbook\/\" title=\"Little Casting 2023 Collection Lookbook\"  ><\/a><\/div>[\/vc_column][\/vc_row][vc_row full_width=&#8221;stretch_row_content_no_spaces&#8221; content_placement=&#8221;middle&#8221; css=&#8221;.vc_custom_1509959359244{margin-top: 0px !important;margin-right: 0px !important;margin-bottom: 0px !important;margin-left: 0px !important;border-top-width: 0px !important;border-right-width: 0px !important;border-bottom-width: 0px !important;border-left-width: 0px !important;padding-top: 0px !important;padding-right: 0px !important;padding-bottom: 0px !important;padding-left: 0px !important;}&#8221;][vc_column width=&#8221;1\/2&#8243; css=&#8221;.vc_custom_1509959893322{margin-top: 0px !important;margin-bottom: 0px !important;margin-left: 0px !important;border-top-width: 0px !important;border-right-width: 0px !important;border-bottom-width: 0px !important;border-left-width: 0px !important;padding-top: 0px !important;padding-right: 0px !important;padding-bottom: 0px !important;padding-left: 0px !important;}&#8221;]<div tabindex=\"0\" class=\"ult-new-ib ult-ib-effect-style6 shadowpink ult-ib-resp   vc_custom_1687850421678\" data-min-width=\"768\" data-max-width=\"900\" style=\"background:rgba(240,240,240,0.5);\" data-opacity=\"0.85\" data-hover-opacity=\"1\" ><img decoding=\"async\" class=\"ult-new-ib-img\" style=\"opacity:0.85;\" alt=\"null\" src=\"https:\/\/www.castingcoleccion.com\/wp-content\/uploads\/2023\/06\/portada-flash-2023-casting.jpg\"   \/><div id=\"interactive-banner-wrap-9745\" class=\"ult-new-ib-desc\" style=\"\"><h1 class=\"ult-new-ib-title ult-responsive\"  data-ultimate-target='#interactive-banner-wrap-9745 .ult-new-ib-title'  data-responsive-json-new='{\"font-size\":\"desktop:50px;\",\"line-height\":\"desktop:48px;\"}'  style=\"font-family:&#039;Montserrat&#039;;font-weight:600;color:#ffffff;\">Casting Colecci\u00f3n<sub>Flash 2023<\/sub><\/h1><\/div><a class=\"ult-new-ib-link\" href=\"https:\/\/www.castingcoleccion.com\/en\/flash-2023-collection-casting\/\" title=\"Flash 2023 Collection \u2013 Casting\"  ><\/a><\/div>[\/vc_column][vc_column width=&#8221;1\/2&#8243; css=&#8221;.vc_custom_1509959883125{margin-top: 0px !important;margin-right: 0px !important;margin-bottom: 0px !important;margin-left: 0px !important;border-top-width: 0px !important;border-right-width: 0px !important;border-bottom-width: 0px !important;border-left-width: 0px !important;padding-top: 0px !important;padding-right: 0px !important;padding-bottom: 0px !important;padding-left: 0px !important;}&#8221;]<div tabindex=\"0\" class=\"ult-new-ib ult-ib-effect-style6 shadowpink ult-ib-resp   vc_custom_1687850435863\" data-min-width=\"768\" data-max-width=\"900\" style=\"background:rgba(240,240,240,0.5);\" data-opacity=\"0.85\" data-hover-opacity=\"1\" ><img decoding=\"async\" class=\"ult-new-ib-img\" style=\"opacity:0.85;\" alt=\"null\" src=\"https:\/\/www.castingcoleccion.com\/wp-content\/uploads\/2023\/06\/portada-flash-2023-little.jpg\"   \/><div id=\"interactive-banner-wrap-8832\" class=\"ult-new-ib-desc\" style=\"\"><h1 class=\"ult-new-ib-title ult-responsive\"  data-ultimate-target='#interactive-banner-wrap-8832 .ult-new-ib-title'  data-responsive-json-new='{\"font-size\":\"desktop:50px;\",\"line-height\":\"desktop:48px;\"}'  style=\"font-family:&#039;Montserrat&#039;;font-weight:600;color:#ffffff;\">Little Casting<sub>Flash 2023<\/sub><\/h1><\/div><a class=\"ult-new-ib-link\" href=\"https:\/\/www.castingcoleccion.com\/en\/flash-2023-collection-little\/\" title=\"Flash 2023 Collection \u2013 Little\"  ><\/a><\/div>[\/vc_column][\/vc_row][vc_row full_width=&#8221;stretch_row_content&#8221; content_placement=&#8221;middle&#8221; parallax=&#8221;content-moving&#8221; parallax_image=&#8221;80220&#8243; parallax_speed_bg=&#8221;2.25&#8243; css=&#8221;.vc_custom_1676034930309{padding-top: 30px !important;padding-bottom: 30px !important;}&#8221;][vc_column][vc_custom_heading text=&#8221;Contact&#8221; font_container=&#8221;tag:h2|font_size:55px|text_align:center|color:%23ffffff|line_height:1.5em&#8221; use_theme_fonts=&#8221;yes&#8221; css_animation=&#8221;fadeIn&#8221; css=&#8221;.vc_custom_1687850446638{padding-top: 80px !important;padding-bottom: 80px !important;}&#8221;][\/vc_column][\/vc_row][vc_row full_width=&#8221;stretch_row_content&#8221; bg_type=&#8221;bg_color&#8221; bg_color_value=&#8221;#e0e0e0&#8243;][vc_column width=&#8221;1\/6&#8243;][\/vc_column][vc_column width=&#8221;2\/3&#8243;][vc_empty_space]\n<div class=\"wpcf7 no-js\" id=\"wpcf7-f55155-o1\" lang=\"es-ES\" dir=\"ltr\" data-wpcf7-id=\"55155\">\n<div class=\"screen-reader-response\"><p role=\"status\" aria-live=\"polite\" aria-atomic=\"true\"><\/p> <ul><\/ul><\/div>\n<form action=\"\/en\/wp-json\/wp\/v2\/pages\/81219#wpcf7-f55155-o1\" method=\"post\" class=\"wpcf7-form init\" aria-label=\"Formulario de contacto\" novalidate=\"novalidate\" data-status=\"init\">\n<fieldset class=\"hidden-fields-container\"><input type=\"hidden\" name=\"_wpcf7\" value=\"55155\" \/><input type=\"hidden\" name=\"_wpcf7_version\" value=\"6.1.4\" \/><input type=\"hidden\" name=\"_wpcf7_locale\" value=\"es_ES\" \/><input type=\"hidden\" name=\"_wpcf7_unit_tag\" value=\"wpcf7-f55155-o1\" \/><input type=\"hidden\" name=\"_wpcf7_container_post\" value=\"0\" \/><input type=\"hidden\" name=\"_wpcf7_posted_data_hash\" value=\"\" \/><input type=\"hidden\" name=\"_wpcf7_recaptcha_response\" value=\"\" \/>\n<\/fieldset>\n<div class=\"vc_row wpb_row vc_row-fluid\">\n<div class=\"vc_column_container vc_col-sm-6\" style=\"padding:20px\">\n<label><span class=\"wpcf7-form-control-wrap\" data-name=\"your-name\"><input size=\"40\" maxlength=\"400\" class=\"wpcf7-form-control wpcf7-text wpcf7-validates-as-required\" aria-required=\"true\" aria-invalid=\"false\" placeholder=\"Name &amp; Surname *\" value=\"\" type=\"text\" name=\"your-name\" \/><\/span><\/label>\n<label><span class=\"wpcf7-form-control-wrap\" data-name=\"your-email\"><input size=\"40\" maxlength=\"400\" class=\"wpcf7-form-control wpcf7-email wpcf7-validates-as-required wpcf7-text wpcf7-validates-as-email\" aria-required=\"true\" aria-invalid=\"false\" placeholder=\"e-amil *\" value=\"\" type=\"email\" name=\"your-email\" \/><\/span><\/label>\n<label><span class=\"wpcf7-form-control-wrap\" data-name=\"your-phone\"><input size=\"40\" maxlength=\"400\" class=\"wpcf7-form-control wpcf7-tel wpcf7-text wpcf7-validates-as-tel\" aria-invalid=\"false\" placeholder=\"Phone\" value=\"\" type=\"tel\" name=\"your-phone\" \/><\/span><\/label>\n<span class=\"wpcf7-form-control-wrap\" data-name=\"quiz-258\"><label><span class=\"wpcf7-quiz-label\">What is the capital of United Kingdom?<\/span> <input size=\"40\" class=\"wpcf7-form-control wpcf7-quiz\" autocomplete=\"off\" aria-required=\"true\" aria-invalid=\"false\" type=\"text\" name=\"quiz-258\" \/><\/label><input type=\"hidden\" name=\"_wpcf7_quiz_answer_quiz-258\" value=\"9dd1c967735a5bfff42a6f3d4f1f0274\" \/><\/span>\n<\/div>\n<div class=\"vc_column_container vc_col-sm-6\" style=\"padding:20px\">\n<label><span class=\"wpcf7-form-control-wrap\" data-name=\"your-message\"><textarea cols=\"40\" rows=\"5\" maxlength=\"2000\" class=\"wpcf7-form-control wpcf7-textarea wpcf7-validates-as-required\" aria-required=\"true\" aria-invalid=\"false\" placeholder=\"Message *\" name=\"your-message\"><\/textarea><\/span><\/label>\n<label><span class=\"wpcf7-form-control-wrap\" data-name=\"aviso-politica\"><span class=\"wpcf7-form-control wpcf7-checkbox wpcf7-validates-as-required\"><span class=\"wpcf7-list-item first last\"><input type=\"checkbox\" name=\"aviso-politica[]\" value=\"Accept\" \/><span class=\"wpcf7-list-item-label\">Accept<\/span><\/span><\/span><\/span> Terms of Privacy Policy<\/label><br>\n<label><span class=\"wpcf7-form-control-wrap\" data-name=\"acepto-comunicaciones\"><span class=\"wpcf7-form-control wpcf7-checkbox\"><span class=\"wpcf7-list-item first last\"><input type=\"checkbox\" name=\"acepto-comunicaciones[]\" value=\"I agree\" \/><span class=\"wpcf7-list-item-label\">I agree<\/span><\/span><\/span><\/span> to receive commercial communications from Rayan Modas, S.L.U<\/label><br>\n<input class=\"wpcf7-form-control wpcf7-submit has-spinner\" type=\"submit\" value=\"Send\" \/>\n<\/div>\n<\/div><div class=\"wpcf7-response-output\" aria-hidden=\"true\"><\/div>\n<\/form>\n<\/div>\n\r\n\t\t\t\t<script>\r\n\t\t\t\tif ( typeof huOptions !== 'undefined' ) {\r\n\t\t\t\t\tvar huFormData = {\"source\":\"contactform7\",\"id\":55155,\"title\":\"Formulario de contacto EN\",\"fields\":{\"subject\":{\"first_name\":\"your-name\",\"email\":\"your-email\"},\"preferences\":{\"terms\":\"your-consent\"}}};\r\n\t\t\t\t\tvar huFormNode = document.querySelector( '[id^=\"wpcf7-f55155-\"] form' );\r\n\r\n\t\t\t\t\thuFormData['node'] = huFormNode;\r\n\t\t\t\t\thuOptions['forms'].push( huFormData );\r\n\t\t\t\t}\r\n\t\t\t\t<\/script>[vc_empty_space][\/vc_column][vc_column width=&#8221;1\/6&#8243;][\/vc_column][\/vc_row]<\/p>\n<\/div>","protected":false},"excerpt":{"rendered":"<p>[vc_row full_width=&#8221;stretch_row_content_no_spaces&#8221; content_placement=&#8221;middle&#8221; css=&#8221;.vc_custom_1509959359244{margin-top: 0px !important;margin-right: 0px !important;margin-bottom: 0px !important;margin-left: 0px !important;border-top-width: 0px !important;border-right-width: 0px !important;border-bottom-width: 0px !important;border-left-width: 0px !important;padding-top: 0px !important;padding-right: 0px !important;padding-bottom: 0px !important;padding-left: 0px !important;}&#8221;][vc_column width=&#8221;1\/2&#8243; css=&#8221;.vc_custom_1509959893322{margin-top: 0px !important;margin-bottom: 0px !important;margin-left: 0px !important;border-top-width: 0px !important;border-right-width: 0px !important;border-bottom-width: 0px !important;border-left-width: 0px !important;padding-top: 0px !important;padding-right: 0px !important;padding-bottom: 0px !important;padding-left: 0px !important;}&#8221;][\/vc_column][vc_column width=&#8221;1\/2&#8243; css=&#8221;.vc_custom_1509959883125{margin-top: 0px&hellip;<\/p>\n","protected":false},"author":13,"featured_media":0,"parent":0,"menu_order":0,"comment_status":"closed","ping_status":"closed","template":"","meta":{"footnotes":""},"class_list":["post-81219","page","type-page","status-publish","hentry","description-off"],"yoast_head":"<!-- This site is optimized with the Yoast SEO plugin v26.6 - https:\/\/yoast.com\/wordpress\/plugins\/seo\/ -->\n<title>Home - Colecci\u00f3n Flash 2023 | Casting Colecci\u00f3n<\/title>\n<meta name=\"robots\" content=\"index, follow, max-snippet:-1, max-image-preview:large, max-video-preview:-1\" \/>\n<link rel=\"canonical\" href=\"https:\/\/www.castingcoleccion.com\/en\/home-coleccion-flash-2023\/\" \/>\n<meta property=\"og:locale\" content=\"en_US\" \/>\n<meta property=\"og:type\" content=\"article\" \/>\n<meta property=\"og:title\" content=\"Home - Colecci\u00f3n Flash 2023 | Casting Colecci\u00f3n\" \/>\n<meta property=\"og:description\" content=\"[vc_row full_width=&#8221;stretch_row_content_no_spaces&#8221; content_placement=&#8221;middle&#8221; css=&#8221;.vc_custom_1509959359244{margin-top: 0px !important;margin-right: 0px !important;margin-bottom: 0px !important;margin-left: 0px !important;border-top-width: 0px !important;border-right-width: 0px !important;border-bottom-width: 0px !important;border-left-width: 0px !important;padding-top: 0px !important;padding-right: 0px !important;padding-bottom: 0px !important;padding-left: 0px !important;}&#8221;][vc_column width=&#8221;1\/2&#8243; css=&#8221;.vc_custom_1509959893322{margin-top: 0px !important;margin-bottom: 0px !important;margin-left: 0px !important;border-top-width: 0px !important;border-right-width: 0px !important;border-bottom-width: 0px !important;border-left-width: 0px !important;padding-top: 0px !important;padding-right: 0px !important;padding-bottom: 0px !important;padding-left: 0px !important;}&#8221;][\/vc_column][vc_column width=&#8221;1\/2&#8243; css=&#8221;.vc_custom_1509959883125{margin-top: 0px&hellip;\" \/>\n<meta property=\"og:url\" content=\"https:\/\/www.castingcoleccion.com\/en\/home-coleccion-flash-2023\/\" \/>\n<meta property=\"og:site_name\" content=\"Casting Colecci\u00f3n\" \/>\n<meta property=\"article:modified_time\" content=\"2023-06-27T07:21:32+00:00\" \/>\n<meta name=\"twitter:card\" content=\"summary_large_image\" \/>\n<meta name=\"twitter:label1\" content=\"Est. reading time\" \/>\n\t<meta name=\"twitter:data1\" content=\"3 minutes\" \/>\n<script type=\"application\/ld+json\" class=\"yoast-schema-graph\">{\"@context\":\"https:\/\/schema.org\",\"@graph\":[{\"@type\":\"WebPage\",\"@id\":\"https:\/\/www.castingcoleccion.com\/en\/home-coleccion-flash-2023\/\",\"url\":\"https:\/\/www.castingcoleccion.com\/en\/home-coleccion-flash-2023\/\",\"name\":\"Home - Colecci\u00f3n Flash 2023 | Casting Colecci\u00f3n\",\"isPartOf\":{\"@id\":\"https:\/\/www.castingcoleccion.com\/en\/#website\"},\"datePublished\":\"2023-06-26T10:17:02+00:00\",\"dateModified\":\"2023-06-27T07:21:32+00:00\",\"breadcrumb\":{\"@id\":\"https:\/\/www.castingcoleccion.com\/en\/home-coleccion-flash-2023\/#breadcrumb\"},\"inLanguage\":\"en-US\",\"potentialAction\":[{\"@type\":\"ReadAction\",\"target\":[\"https:\/\/www.castingcoleccion.com\/en\/home-coleccion-flash-2023\/\"]}]},{\"@type\":\"BreadcrumbList\",\"@id\":\"https:\/\/www.castingcoleccion.com\/en\/home-coleccion-flash-2023\/#breadcrumb\",\"itemListElement\":[{\"@type\":\"ListItem\",\"position\":1,\"name\":\"Portada\",\"item\":\"https:\/\/www.castingcoleccion.com\/en\/home-spring-summer-collection-2026\/\"},{\"@type\":\"ListItem\",\"position\":2,\"name\":\"Home &#8211; Colecci\u00f3n Flash 2023\"}]},{\"@type\":\"WebSite\",\"@id\":\"https:\/\/www.castingcoleccion.com\/en\/#website\",\"url\":\"https:\/\/www.castingcoleccion.com\/en\/\",\"name\":\"Casting Colecci\u00f3n\",\"description\":\"Casting Colecci\u00f3n. Vestidos de fiesta, ceremonia, cocktail y madrina. Moncho Heredia es una firma de dise\u00f1o de vestidos de fiesta y ceremonias para mujeres con estilo.\",\"publisher\":{\"@id\":\"https:\/\/www.castingcoleccion.com\/en\/#organization\"},\"potentialAction\":[{\"@type\":\"SearchAction\",\"target\":{\"@type\":\"EntryPoint\",\"urlTemplate\":\"https:\/\/www.castingcoleccion.com\/en\/?s={search_term_string}\"},\"query-input\":{\"@type\":\"PropertyValueSpecification\",\"valueRequired\":true,\"valueName\":\"search_term_string\"}}],\"inLanguage\":\"en-US\"},{\"@type\":\"Organization\",\"@id\":\"https:\/\/www.castingcoleccion.com\/en\/#organization\",\"name\":\"Casting Colecci\u00f3n\",\"url\":\"https:\/\/www.castingcoleccion.com\/en\/\",\"logo\":{\"@type\":\"ImageObject\",\"inLanguage\":\"en-US\",\"@id\":\"https:\/\/www.castingcoleccion.com\/en\/#\/schema\/logo\/image\/\",\"url\":\"https:\/\/www.castingcoleccion.com\/wp-content\/uploads\/2018\/03\/imagotipo_moncho_1024.png\",\"contentUrl\":\"https:\/\/www.castingcoleccion.com\/wp-content\/uploads\/2018\/03\/imagotipo_moncho_1024.png\",\"width\":1024,\"height\":1024,\"caption\":\"Casting Colecci\u00f3n\"},\"image\":{\"@id\":\"https:\/\/www.castingcoleccion.com\/en\/#\/schema\/logo\/image\/\"}}]}<\/script>\n<!-- \/ Yoast SEO plugin. -->","yoast_head_json":{"title":"Home - Colecci\u00f3n Flash 2023 | Casting Colecci\u00f3n","robots":{"index":"index","follow":"follow","max-snippet":"max-snippet:-1","max-image-preview":"max-image-preview:large","max-video-preview":"max-video-preview:-1"},"canonical":"https:\/\/www.castingcoleccion.com\/en\/home-coleccion-flash-2023\/","og_locale":"en_US","og_type":"article","og_title":"Home - Colecci\u00f3n Flash 2023 | Casting Colecci\u00f3n","og_description":"[vc_row full_width=&#8221;stretch_row_content_no_spaces&#8221; content_placement=&#8221;middle&#8221; css=&#8221;.vc_custom_1509959359244{margin-top: 0px !important;margin-right: 0px !important;margin-bottom: 0px !important;margin-left: 0px !important;border-top-width: 0px !important;border-right-width: 0px !important;border-bottom-width: 0px !important;border-left-width: 0px !important;padding-top: 0px !important;padding-right: 0px !important;padding-bottom: 0px !important;padding-left: 0px !important;}&#8221;][vc_column width=&#8221;1\/2&#8243; css=&#8221;.vc_custom_1509959893322{margin-top: 0px !important;margin-bottom: 0px !important;margin-left: 0px !important;border-top-width: 0px !important;border-right-width: 0px !important;border-bottom-width: 0px !important;border-left-width: 0px !important;padding-top: 0px !important;padding-right: 0px !important;padding-bottom: 0px !important;padding-left: 0px !important;}&#8221;][\/vc_column][vc_column width=&#8221;1\/2&#8243; css=&#8221;.vc_custom_1509959883125{margin-top: 0px&hellip;","og_url":"https:\/\/www.castingcoleccion.com\/en\/home-coleccion-flash-2023\/","og_site_name":"Casting Colecci\u00f3n","article_modified_time":"2023-06-27T07:21:32+00:00","twitter_card":"summary_large_image","twitter_misc":{"Est. reading time":"3 minutes"},"schema":{"@context":"https:\/\/schema.org","@graph":[{"@type":"WebPage","@id":"https:\/\/www.castingcoleccion.com\/en\/home-coleccion-flash-2023\/","url":"https:\/\/www.castingcoleccion.com\/en\/home-coleccion-flash-2023\/","name":"Home - Colecci\u00f3n Flash 2023 | Casting Colecci\u00f3n","isPartOf":{"@id":"https:\/\/www.castingcoleccion.com\/en\/#website"},"datePublished":"2023-06-26T10:17:02+00:00","dateModified":"2023-06-27T07:21:32+00:00","breadcrumb":{"@id":"https:\/\/www.castingcoleccion.com\/en\/home-coleccion-flash-2023\/#breadcrumb"},"inLanguage":"en-US","potentialAction":[{"@type":"ReadAction","target":["https:\/\/www.castingcoleccion.com\/en\/home-coleccion-flash-2023\/"]}]},{"@type":"BreadcrumbList","@id":"https:\/\/www.castingcoleccion.com\/en\/home-coleccion-flash-2023\/#breadcrumb","itemListElement":[{"@type":"ListItem","position":1,"name":"Portada","item":"https:\/\/www.castingcoleccion.com\/en\/home-spring-summer-collection-2026\/"},{"@type":"ListItem","position":2,"name":"Home &#8211; Colecci\u00f3n Flash 2023"}]},{"@type":"WebSite","@id":"https:\/\/www.castingcoleccion.com\/en\/#website","url":"https:\/\/www.castingcoleccion.com\/en\/","name":"Casting Colecci\u00f3n","description":"Casting Colecci\u00f3n. Vestidos de fiesta, ceremonia, cocktail y madrina. Moncho Heredia es una firma de dise\u00f1o de vestidos de fiesta y ceremonias para mujeres con estilo.","publisher":{"@id":"https:\/\/www.castingcoleccion.com\/en\/#organization"},"potentialAction":[{"@type":"SearchAction","target":{"@type":"EntryPoint","urlTemplate":"https:\/\/www.castingcoleccion.com\/en\/?s={search_term_string}"},"query-input":{"@type":"PropertyValueSpecification","valueRequired":true,"valueName":"search_term_string"}}],"inLanguage":"en-US"},{"@type":"Organization","@id":"https:\/\/www.castingcoleccion.com\/en\/#organization","name":"Casting Colecci\u00f3n","url":"https:\/\/www.castingcoleccion.com\/en\/","logo":{"@type":"ImageObject","inLanguage":"en-US","@id":"https:\/\/www.castingcoleccion.com\/en\/#\/schema\/logo\/image\/","url":"https:\/\/www.castingcoleccion.com\/wp-content\/uploads\/2018\/03\/imagotipo_moncho_1024.png","contentUrl":"https:\/\/www.castingcoleccion.com\/wp-content\/uploads\/2018\/03\/imagotipo_moncho_1024.png","width":1024,"height":1024,"caption":"Casting Colecci\u00f3n"},"image":{"@id":"https:\/\/www.castingcoleccion.com\/en\/#\/schema\/logo\/image\/"}}]}},"_links":{"self":[{"href":"https:\/\/www.castingcoleccion.com\/en\/wp-json\/wp\/v2\/pages\/81219","targetHints":{"allow":["GET"]}}],"collection":[{"href":"https:\/\/www.castingcoleccion.com\/en\/wp-json\/wp\/v2\/pages"}],"about":[{"href":"https:\/\/www.castingcoleccion.com\/en\/wp-json\/wp\/v2\/types\/page"}],"author":[{"embeddable":true,"href":"https:\/\/www.castingcoleccion.com\/en\/wp-json\/wp\/v2\/users\/13"}],"replies":[{"embeddable":true,"href":"https:\/\/www.castingcoleccion.com\/en\/wp-json\/wp\/v2\/comments?post=81219"}],"version-history":[{"count":2,"href":"https:\/\/www.castingcoleccion.com\/en\/wp-json\/wp\/v2\/pages\/81219\/revisions"}],"predecessor-version":[{"id":81225,"href":"https:\/\/www.castingcoleccion.com\/en\/wp-json\/wp\/v2\/pages\/81219\/revisions\/81225"}],"wp:attachment":[{"href":"https:\/\/www.castingcoleccion.com\/en\/wp-json\/wp\/v2\/media?parent=81219"}],"curies":[{"name":"wp","href":"https:\/\/api.w.org\/{rel}","templated":true}]}}