{"id":76137,"date":"2022-01-18T08:29:52","date_gmt":"2022-01-18T08:29:52","guid":{"rendered":"https:\/\/www.castingcoleccion.com\/collection-casting-boho-2022-lookbook\/blusas-y-tops\/"},"modified":"2022-01-28T18:38:17","modified_gmt":"2022-01-28T18:38:17","slug":"blouses-et-tops","status":"publish","type":"page","link":"https:\/\/www.castingcoleccion.com\/fr\/collection-casting-boho-2022-lookbook\/blouses-et-tops\/","title":{"rendered":"Collection Casting Boho 2022 LookBook &#8211; Blouses et Tops"},"content":{"rendered":"<div class=\"wpb-content-wrapper\"><p>[vc_row][vc_column][vc_wp_custommenu nav_menu=\u00a0\u00bb604&Prime; el_class=\u00a0\u00bbmenuhorizontal\u00a0\u00bb][\/vc_column][\/vc_row]<\/p>\n<\/div>","protected":false},"excerpt":{"rendered":"<p>[vc_row][vc_column][vc_wp_custommenu nav_menu=\u00a0\u00bb604&Prime; el_class=\u00a0\u00bbmenuhorizontal\u00a0\u00bb][\/vc_column][\/vc_row]<\/p>\n","protected":false},"author":13,"featured_media":0,"parent":76120,"menu_order":0,"comment_status":"closed","ping_status":"closed","template":"template-media.php","meta":{"footnotes":""},"class_list":["post-76137","page","type-page","status-publish","hentry","description-off"],"yoast_head":"<!-- This site is optimized with the Yoast SEO plugin v26.6 - https:\/\/yoast.com\/wordpress\/plugins\/seo\/ -->\n<title>Collection Casting Boho 2022 LookBook - Blouses et Tops | Casting Colecci\u00f3n<\/title>\n<meta name=\"robots\" content=\"index, follow, max-snippet:-1, max-image-preview:large, max-video-preview:-1\" \/>\n<link rel=\"canonical\" href=\"https:\/\/www.castingcoleccion.com\/fr\/collection-casting-boho-2022-lookbook\/blouses-et-tops\/\" \/>\n<meta property=\"og:locale\" content=\"fr_FR\" \/>\n<meta property=\"og:type\" content=\"article\" \/>\n<meta property=\"og:title\" content=\"Collection Casting Boho 2022 LookBook - Blouses et Tops | Casting Colecci\u00f3n\" \/>\n<meta property=\"og:description\" content=\"[vc_row][vc_column][vc_wp_custommenu nav_menu=\u00a0\u00bb604&Prime; el_class=\u00a0\u00bbmenuhorizontal\u00a0\u00bb][\/vc_column][\/vc_row]\" \/>\n<meta property=\"og:url\" content=\"https:\/\/www.castingcoleccion.com\/fr\/collection-casting-boho-2022-lookbook\/blouses-et-tops\/\" \/>\n<meta property=\"og:site_name\" content=\"Casting Colecci\u00f3n\" \/>\n<meta property=\"article:modified_time\" content=\"2022-01-28T18:38:17+00:00\" \/>\n<meta name=\"twitter:card\" content=\"summary_large_image\" \/>\n<script type=\"application\/ld+json\" class=\"yoast-schema-graph\">{\"@context\":\"https:\/\/schema.org\",\"@graph\":[{\"@type\":\"WebPage\",\"@id\":\"https:\/\/www.castingcoleccion.com\/fr\/collection-casting-boho-2022-lookbook\/blouses-et-tops\/\",\"url\":\"https:\/\/www.castingcoleccion.com\/fr\/collection-casting-boho-2022-lookbook\/blouses-et-tops\/\",\"name\":\"Collection Casting Boho 2022 LookBook - Blouses et Tops | Casting Colecci\u00f3n\",\"isPartOf\":{\"@id\":\"https:\/\/www.castingcoleccion.com\/fr\/#website\"},\"datePublished\":\"2022-01-18T08:29:52+00:00\",\"dateModified\":\"2022-01-28T18:38:17+00:00\",\"breadcrumb\":{\"@id\":\"https:\/\/www.castingcoleccion.com\/fr\/collection-casting-boho-2022-lookbook\/blouses-et-tops\/#breadcrumb\"},\"inLanguage\":\"fr-FR\",\"potentialAction\":[{\"@type\":\"ReadAction\",\"target\":[\"https:\/\/www.castingcoleccion.com\/fr\/collection-casting-boho-2022-lookbook\/blouses-et-tops\/\"]}]},{\"@type\":\"BreadcrumbList\",\"@id\":\"https:\/\/www.castingcoleccion.com\/fr\/collection-casting-boho-2022-lookbook\/blouses-et-tops\/#breadcrumb\",\"itemListElement\":[{\"@type\":\"ListItem\",\"position\":1,\"name\":\"Portada\",\"item\":\"https:\/\/www.castingcoleccion.com\/fr\/accueil-collection-printemps-ete-2025-2\/\"},{\"@type\":\"ListItem\",\"position\":2,\"name\":\"Collection Casting Boho 2022 LookBook\",\"item\":\"https:\/\/www.castingcoleccion.com\/fr\/collection-casting-boho-2022-lookbook\/\"},{\"@type\":\"ListItem\",\"position\":3,\"name\":\"Collection Casting Boho 2022 LookBook &#8211; Blouses et Tops\"}]},{\"@type\":\"WebSite\",\"@id\":\"https:\/\/www.castingcoleccion.com\/fr\/#website\",\"url\":\"https:\/\/www.castingcoleccion.com\/fr\/\",\"name\":\"Casting Colecci\u00f3n\",\"description\":\"Casting Colecci\u00f3n. Vestidos de fiesta, ceremonia, cocktail y madrina. Moncho Heredia es una firma de dise\u00f1o de vestidos de fiesta y ceremonias para mujeres con estilo.\",\"publisher\":{\"@id\":\"https:\/\/www.castingcoleccion.com\/fr\/#organization\"},\"potentialAction\":[{\"@type\":\"SearchAction\",\"target\":{\"@type\":\"EntryPoint\",\"urlTemplate\":\"https:\/\/www.castingcoleccion.com\/fr\/?s={search_term_string}\"},\"query-input\":{\"@type\":\"PropertyValueSpecification\",\"valueRequired\":true,\"valueName\":\"search_term_string\"}}],\"inLanguage\":\"fr-FR\"},{\"@type\":\"Organization\",\"@id\":\"https:\/\/www.castingcoleccion.com\/fr\/#organization\",\"name\":\"Casting Colecci\u00f3n\",\"url\":\"https:\/\/www.castingcoleccion.com\/fr\/\",\"logo\":{\"@type\":\"ImageObject\",\"inLanguage\":\"fr-FR\",\"@id\":\"https:\/\/www.castingcoleccion.com\/fr\/#\/schema\/logo\/image\/\",\"url\":\"https:\/\/www.castingcoleccion.com\/wp-content\/uploads\/2018\/03\/imagotipo_moncho_1024.png\",\"contentUrl\":\"https:\/\/www.castingcoleccion.com\/wp-content\/uploads\/2018\/03\/imagotipo_moncho_1024.png\",\"width\":1024,\"height\":1024,\"caption\":\"Casting Colecci\u00f3n\"},\"image\":{\"@id\":\"https:\/\/www.castingcoleccion.com\/fr\/#\/schema\/logo\/image\/\"}}]}<\/script>\n<!-- \/ Yoast SEO plugin. -->","yoast_head_json":{"title":"Collection Casting Boho 2022 LookBook - Blouses et Tops | Casting Colecci\u00f3n","robots":{"index":"index","follow":"follow","max-snippet":"max-snippet:-1","max-image-preview":"max-image-preview:large","max-video-preview":"max-video-preview:-1"},"canonical":"https:\/\/www.castingcoleccion.com\/fr\/collection-casting-boho-2022-lookbook\/blouses-et-tops\/","og_locale":"fr_FR","og_type":"article","og_title":"Collection Casting Boho 2022 LookBook - Blouses et Tops | Casting Colecci\u00f3n","og_description":"[vc_row][vc_column][vc_wp_custommenu nav_menu=\u00a0\u00bb604&Prime; el_class=\u00a0\u00bbmenuhorizontal\u00a0\u00bb][\/vc_column][\/vc_row]","og_url":"https:\/\/www.castingcoleccion.com\/fr\/collection-casting-boho-2022-lookbook\/blouses-et-tops\/","og_site_name":"Casting Colecci\u00f3n","article_modified_time":"2022-01-28T18:38:17+00:00","twitter_card":"summary_large_image","schema":{"@context":"https:\/\/schema.org","@graph":[{"@type":"WebPage","@id":"https:\/\/www.castingcoleccion.com\/fr\/collection-casting-boho-2022-lookbook\/blouses-et-tops\/","url":"https:\/\/www.castingcoleccion.com\/fr\/collection-casting-boho-2022-lookbook\/blouses-et-tops\/","name":"Collection Casting Boho 2022 LookBook - Blouses et Tops | Casting Colecci\u00f3n","isPartOf":{"@id":"https:\/\/www.castingcoleccion.com\/fr\/#website"},"datePublished":"2022-01-18T08:29:52+00:00","dateModified":"2022-01-28T18:38:17+00:00","breadcrumb":{"@id":"https:\/\/www.castingcoleccion.com\/fr\/collection-casting-boho-2022-lookbook\/blouses-et-tops\/#breadcrumb"},"inLanguage":"fr-FR","potentialAction":[{"@type":"ReadAction","target":["https:\/\/www.castingcoleccion.com\/fr\/collection-casting-boho-2022-lookbook\/blouses-et-tops\/"]}]},{"@type":"BreadcrumbList","@id":"https:\/\/www.castingcoleccion.com\/fr\/collection-casting-boho-2022-lookbook\/blouses-et-tops\/#breadcrumb","itemListElement":[{"@type":"ListItem","position":1,"name":"Portada","item":"https:\/\/www.castingcoleccion.com\/fr\/accueil-collection-printemps-ete-2025-2\/"},{"@type":"ListItem","position":2,"name":"Collection Casting Boho 2022 LookBook","item":"https:\/\/www.castingcoleccion.com\/fr\/collection-casting-boho-2022-lookbook\/"},{"@type":"ListItem","position":3,"name":"Collection Casting Boho 2022 LookBook &#8211; Blouses et Tops"}]},{"@type":"WebSite","@id":"https:\/\/www.castingcoleccion.com\/fr\/#website","url":"https:\/\/www.castingcoleccion.com\/fr\/","name":"Casting Colecci\u00f3n","description":"Casting Colecci\u00f3n. Vestidos de fiesta, ceremonia, cocktail y madrina. Moncho Heredia es una firma de dise\u00f1o de vestidos de fiesta y ceremonias para mujeres con estilo.","publisher":{"@id":"https:\/\/www.castingcoleccion.com\/fr\/#organization"},"potentialAction":[{"@type":"SearchAction","target":{"@type":"EntryPoint","urlTemplate":"https:\/\/www.castingcoleccion.com\/fr\/?s={search_term_string}"},"query-input":{"@type":"PropertyValueSpecification","valueRequired":true,"valueName":"search_term_string"}}],"inLanguage":"fr-FR"},{"@type":"Organization","@id":"https:\/\/www.castingcoleccion.com\/fr\/#organization","name":"Casting Colecci\u00f3n","url":"https:\/\/www.castingcoleccion.com\/fr\/","logo":{"@type":"ImageObject","inLanguage":"fr-FR","@id":"https:\/\/www.castingcoleccion.com\/fr\/#\/schema\/logo\/image\/","url":"https:\/\/www.castingcoleccion.com\/wp-content\/uploads\/2018\/03\/imagotipo_moncho_1024.png","contentUrl":"https:\/\/www.castingcoleccion.com\/wp-content\/uploads\/2018\/03\/imagotipo_moncho_1024.png","width":1024,"height":1024,"caption":"Casting Colecci\u00f3n"},"image":{"@id":"https:\/\/www.castingcoleccion.com\/fr\/#\/schema\/logo\/image\/"}}]}},"_links":{"self":[{"href":"https:\/\/www.castingcoleccion.com\/fr\/wp-json\/wp\/v2\/pages\/76137","targetHints":{"allow":["GET"]}}],"collection":[{"href":"https:\/\/www.castingcoleccion.com\/fr\/wp-json\/wp\/v2\/pages"}],"about":[{"href":"https:\/\/www.castingcoleccion.com\/fr\/wp-json\/wp\/v2\/types\/page"}],"author":[{"embeddable":true,"href":"https:\/\/www.castingcoleccion.com\/fr\/wp-json\/wp\/v2\/users\/13"}],"replies":[{"embeddable":true,"href":"https:\/\/www.castingcoleccion.com\/fr\/wp-json\/wp\/v2\/comments?post=76137"}],"version-history":[{"count":4,"href":"https:\/\/www.castingcoleccion.com\/fr\/wp-json\/wp\/v2\/pages\/76137\/revisions"}],"predecessor-version":[{"id":76677,"href":"https:\/\/www.castingcoleccion.com\/fr\/wp-json\/wp\/v2\/pages\/76137\/revisions\/76677"}],"up":[{"embeddable":true,"href":"https:\/\/www.castingcoleccion.com\/fr\/wp-json\/wp\/v2\/pages\/76120"}],"wp:attachment":[{"href":"https:\/\/www.castingcoleccion.com\/fr\/wp-json\/wp\/v2\/media?parent=76137"}],"curies":[{"name":"wp","href":"https:\/\/api.w.org\/{rel}","templated":true}]}}