{"id":64549,"date":"2019-12-30T14:18:29","date_gmt":"2019-12-30T14:18:29","guid":{"rendered":"https:\/\/www.castingcoleccion.com\/home-collezione-primavera-estate-2020\/"},"modified":"2021-03-04T16:20:10","modified_gmt":"2021-03-04T16:20:10","slug":"home-collezione-primavera-estate-2020","status":"publish","type":"page","link":"https:\/\/www.castingcoleccion.com\/it\/home-collezione-primavera-estate-2020\/","title":{"rendered":"Home &#8211; Collezione Primavera Estate 2020"},"content":{"rendered":"<div class=\"wpb-content-wrapper\"><p>[vc_row full_width=&#8221;stretch_row_content_no_spaces&#8221; content_placement=&#8221;middle&#8221; css=&#8221;.vc_custom_1509959359244{margin-top: 0px !important;margin-right: 0px !important;margin-bottom: 0px !important;margin-left: 0px !important;border-top-width: 0px !important;border-right-width: 0px !important;border-bottom-width: 0px !important;border-left-width: 0px !important;padding-top: 0px !important;padding-right: 0px !important;padding-bottom: 0px !important;padding-left: 0px !important;}&#8221;][vc_column width=&#8221;1\/2&#8243; css=&#8221;.vc_custom_1509959893322{margin-top: 0px !important;margin-bottom: 0px !important;margin-left: 0px !important;border-top-width: 0px !important;border-right-width: 0px !important;border-bottom-width: 0px !important;border-left-width: 0px !important;padding-top: 0px !important;padding-right: 0px !important;padding-bottom: 0px !important;padding-left: 0px !important;}&#8221;]<div tabindex=\"0\" class=\"ult-new-ib ult-ib-effect-style6  ult-ib-resp   vc_custom_1577709703083\" data-min-width=\"768\" data-max-width=\"900\" style=\"background:rgba(240,240,240,0.5);\" data-opacity=\".85\" data-hover-opacity=\"1\" ><img decoding=\"async\" class=\"ult-new-ib-img\" style=\"opacity:.85;\" alt=\"null\" src=\"https:\/\/www.castingcoleccion.com\/wp-content\/uploads\/2019\/12\/portada-coleccion-primavera-verano-alma-casting-2020.jpg\"   \/><div id=\"interactive-banner-wrap-9087\" class=\"ult-new-ib-desc\" style=\"\"><h1 class=\"ult-new-ib-title ult-responsive\"  data-ultimate-target='#interactive-banner-wrap-9087 .ult-new-ib-title'  data-responsive-json-new='{\"font-size\":\"desktop:50px;\",\"line-height\":\"desktop:48px;\"}'  style=\"font-family:&#039;Montserrat&#039;;font-weight:600;color:#ffffff;\">Alma&lt;br&gt;&lt;sub&gt;Collection&lt;\/sub&gt;<\/h1><\/div><a class=\"ult-new-ib-link\" href=\"https:\/\/www.castingcoleccion.com\/vestidos\/coleccion-alma-primavera-verano-2020\/\" title=\"Colecci\u00f3n Alma Primavera-Verano 2020\"  ><\/a><\/div>[\/vc_column][vc_column width=&#8221;1\/2&#8243; css=&#8221;.vc_custom_1509959883125{margin-top: 0px !important;margin-right: 0px !important;margin-bottom: 0px !important;margin-left: 0px !important;border-top-width: 0px !important;border-right-width: 0px !important;border-bottom-width: 0px !important;border-left-width: 0px !important;padding-top: 0px !important;padding-right: 0px !important;padding-bottom: 0px !important;padding-left: 0px !important;}&#8221;]<div tabindex=\"0\" class=\"ult-new-ib ult-ib-effect-style6  ult-ib-resp   vc_custom_1578502585963\" data-min-width=\"768\" data-max-width=\"900\" style=\"background:rgba(240,240,240,0.5);\" data-opacity=\".85\" data-hover-opacity=\"1\" ><img decoding=\"async\" class=\"ult-new-ib-img\" style=\"opacity:.85;\" alt=\"null\" src=\"https:\/\/www.castingcoleccion.com\/wp-content\/uploads\/2019\/12\/portada-coleccion-primavera-verano-alma-lookbook-casting-2020.jpg\"   \/><div id=\"interactive-banner-wrap-6086\" class=\"ult-new-ib-desc\" style=\"\"><h1 class=\"ult-new-ib-title ult-responsive\"  data-ultimate-target='#interactive-banner-wrap-6086 .ult-new-ib-title'  data-responsive-json-new='{\"font-size\":\"desktop:50px;\",\"line-height\":\"desktop:48px;\"}'  style=\"font-family:&#039;Montserrat&#039;;font-weight:600;color:#ffffff;\">Alma&lt;br&gt;&lt;sub&gt;Look Book&lt;\/sub&gt;<\/h1><\/div><a class=\"ult-new-ib-link\" href=\"https:\/\/www.castingcoleccion.com\/coleccion-alma-primavera-verano-2020-lookbook\/\" title=\"Colecci\u00f3n Alma Primavera-Verano 2020 LookBook\"  ><\/a><\/div>[\/vc_column][\/vc_row][vc_row full_width=&#8221;stretch_row_content_no_spaces&#8221; content_placement=&#8221;middle&#8221; css=&#8221;.vc_custom_1509959359244{margin-top: 0px !important;margin-right: 0px !important;margin-bottom: 0px !important;margin-left: 0px !important;border-top-width: 0px !important;border-right-width: 0px !important;border-bottom-width: 0px !important;border-left-width: 0px !important;padding-top: 0px !important;padding-right: 0px !important;padding-bottom: 0px !important;padding-left: 0px !important;}&#8221;][vc_column width=&#8221;1\/2&#8243; css=&#8221;.vc_custom_1509959893322{margin-top: 0px !important;margin-bottom: 0px !important;margin-left: 0px !important;border-top-width: 0px !important;border-right-width: 0px !important;border-bottom-width: 0px !important;border-left-width: 0px !important;padding-top: 0px !important;padding-right: 0px !important;padding-bottom: 0px !important;padding-left: 0px !important;}&#8221;]<div tabindex=\"0\" class=\"ult-new-ib ult-ib-effect-style6  ult-ib-resp   vc_custom_1578502558323\" data-min-width=\"768\" data-max-width=\"900\" style=\"background:rgba(240,240,240,0.5);\" data-opacity=\".85\" data-hover-opacity=\"1\" ><img decoding=\"async\" class=\"ult-new-ib-img\" style=\"opacity:.85;\" alt=\"null\" src=\"https:\/\/www.castingcoleccion.com\/wp-content\/uploads\/2019\/07\/portada-coleccion-otono-invierno-casting-2019.jpg\"   \/><div id=\"interactive-banner-wrap-6933\" class=\"ult-new-ib-desc\" style=\"\"><h1 class=\"ult-new-ib-title ult-responsive\"  data-ultimate-target='#interactive-banner-wrap-6933 .ult-new-ib-title'  data-responsive-json-new='{\"font-size\":\"desktop:50px;\",\"line-height\":\"desktop:48px;\"}'  style=\"font-family:&#039;Montserrat&#039;;font-weight:600;color:#ffffff;\">Autunno-Inverno 2019&lt;br&gt;&lt;sub&gt;Collezione&lt;\/sub&gt;<\/h1><\/div><a class=\"ult-new-ib-link\" href=\"https:\/\/www.castingcoleccion.com\/coleccion-otono-invierno-2019\/\" title=\"Colecci\u00f3n Oto\u00f1o-Invierno 2019\"  ><\/a><\/div>[\/vc_column][vc_column width=&#8221;1\/2&#8243; css=&#8221;.vc_custom_1509959883125{margin-top: 0px !important;margin-right: 0px !important;margin-bottom: 0px !important;margin-left: 0px !important;border-top-width: 0px !important;border-right-width: 0px !important;border-bottom-width: 0px !important;border-left-width: 0px !important;padding-top: 0px !important;padding-right: 0px !important;padding-bottom: 0px !important;padding-left: 0px !important;}&#8221;]<div tabindex=\"0\" class=\"ult-new-ib ult-ib-effect-style6  ult-ib-resp   vc_custom_1578502602545\" data-min-width=\"768\" data-max-width=\"900\" style=\"background:rgba(240,240,240,0.5);\" data-opacity=\".85\" data-hover-opacity=\"1\" ><img decoding=\"async\" class=\"ult-new-ib-img\" style=\"opacity:.85;\" alt=\"null\" src=\"https:\/\/www.castingcoleccion.com\/wp-content\/uploads\/2019\/07\/portada-coleccion-flash-verano-casting-2019.jpg\"   \/><div id=\"interactive-banner-wrap-1006\" class=\"ult-new-ib-desc\" style=\"\"><h1 class=\"ult-new-ib-title ult-responsive\"  data-ultimate-target='#interactive-banner-wrap-1006 .ult-new-ib-title'  data-responsive-json-new='{\"font-size\":\"desktop:50px;\",\"line-height\":\"desktop:48px;\"}'  style=\"font-family:&#039;Montserrat&#039;;font-weight:600;color:#ffffff;\">Flash Summer 2019&lt;br&gt;&lt;sub&gt;Collezione&lt;\/sub&gt;<\/h1><\/div><a class=\"ult-new-ib-link\" href=\"https:\/\/www.castingcoleccion.com\/coleccion-flash-verano-2019\/\" title=\"LookBook Flash Verano 2019\"  ><\/a><\/div>[\/vc_column][\/vc_row][vc_row full_width=&#8221;stretch_row_content&#8221; content_placement=&#8221;middle&#8221; parallax=&#8221;content-moving&#8221; parallax_image=&#8221;64568&#8243; parallax_speed_bg=&#8221;2.25&#8243; css=&#8221;.vc_custom_1577718483128{padding-top: 30px !important;padding-bottom: 30px !important;}&#8221;][vc_column][vc_custom_heading text=&#8221;Contatto&#8221; font_container=&#8221;tag:h2|font_size:55px|text_align:center|color:%23ffffff|line_height:1.5em&#8221; use_theme_fonts=&#8221;yes&#8221; css_animation=&#8221;fadeIn&#8221; css=&#8221;.vc_custom_1521563157814{padding-top: 80px !important;padding-bottom: 80px !important;}&#8221;][\/vc_column][\/vc_row][vc_row full_width=&#8221;stretch_row_content&#8221; bg_type=&#8221;bg_color&#8221; bg_color_value=&#8221;#e0e0e0&#8243;][vc_column width=&#8221;1\/6&#8243;][\/vc_column][vc_column width=&#8221;2\/3&#8243;][vc_empty_space]\n<div class=\"wpcf7 no-js\" id=\"wpcf7-f14-o1\" lang=\"es-ES\" dir=\"ltr\" data-wpcf7-id=\"14\">\n<div class=\"screen-reader-response\"><p role=\"status\" aria-live=\"polite\" aria-atomic=\"true\"><\/p> <ul><\/ul><\/div>\n<form action=\"\/it\/wp-json\/wp\/v2\/pages\/64549#wpcf7-f14-o1\" method=\"post\" class=\"wpcf7-form init\" aria-label=\"Formulario de contacto\" novalidate=\"novalidate\" data-status=\"init\">\n<fieldset class=\"hidden-fields-container\"><input type=\"hidden\" name=\"_wpcf7\" value=\"14\" \/><input type=\"hidden\" name=\"_wpcf7_version\" value=\"6.1.4\" \/><input type=\"hidden\" name=\"_wpcf7_locale\" value=\"es_ES\" \/><input type=\"hidden\" name=\"_wpcf7_unit_tag\" value=\"wpcf7-f14-o1\" \/><input type=\"hidden\" name=\"_wpcf7_container_post\" value=\"0\" \/><input type=\"hidden\" name=\"_wpcf7_posted_data_hash\" value=\"\" \/><input type=\"hidden\" name=\"_wpcf7_recaptcha_response\" value=\"\" \/>\n<\/fieldset>\n<div class=\"vc_row wpb_row vc_row-fluid\">\n<div class=\"vc_column_container vc_col-sm-6\" style=\"padding:20px\">\n<label><span class=\"wpcf7-form-control-wrap\" data-name=\"your-name\"><input size=\"40\" maxlength=\"400\" class=\"wpcf7-form-control wpcf7-text wpcf7-validates-as-required\" aria-required=\"true\" aria-invalid=\"false\" placeholder=\"Nombre y Apellidos *\" value=\"\" type=\"text\" name=\"your-name\" \/><\/span><\/label>\n<label><span class=\"wpcf7-form-control-wrap\" data-name=\"your-email\"><input size=\"40\" maxlength=\"400\" class=\"wpcf7-form-control wpcf7-email wpcf7-validates-as-required wpcf7-text wpcf7-validates-as-email\" aria-required=\"true\" aria-invalid=\"false\" placeholder=\"e-amil *\" value=\"\" type=\"email\" name=\"your-email\" \/><\/span><\/label>\n<label><span class=\"wpcf7-form-control-wrap\" data-name=\"your-phone\"><input size=\"40\" maxlength=\"400\" class=\"wpcf7-form-control wpcf7-tel wpcf7-text wpcf7-validates-as-tel\" aria-invalid=\"false\" placeholder=\"Tel\u00e9fono\" value=\"\" type=\"tel\" name=\"your-phone\" \/><\/span><\/label>\n<span class=\"wpcf7-form-control-wrap\" data-name=\"quiz-258\"><label><span class=\"wpcf7-quiz-label\">\u00bfCu\u00e1l es la capital del Reino Unido?<\/span> <input size=\"40\" class=\"wpcf7-form-control wpcf7-quiz\" autocomplete=\"off\" aria-required=\"true\" aria-invalid=\"false\" type=\"text\" name=\"quiz-258\" \/><\/label><input type=\"hidden\" name=\"_wpcf7_quiz_answer_quiz-258\" value=\"9dd1c967735a5bfff42a6f3d4f1f0274\" \/><\/span>\n<\/div>\n<div class=\"vc_column_container vc_col-sm-6\" style=\"padding:20px\">\n<label><span class=\"wpcf7-form-control-wrap\" data-name=\"your-message\"><textarea cols=\"40\" rows=\"5\" maxlength=\"2000\" class=\"wpcf7-form-control wpcf7-textarea wpcf7-validates-as-required\" aria-required=\"true\" aria-invalid=\"false\" placeholder=\"Mensaje *\" name=\"your-message\"><\/textarea><\/span><\/label>\n<label><span class=\"wpcf7-form-control-wrap\" data-name=\"aviso-politica\"><span class=\"wpcf7-form-control wpcf7-checkbox wpcf7-validates-as-required\"><span class=\"wpcf7-list-item first last\"><input type=\"checkbox\" name=\"aviso-politica[]\" value=\"Acepto\" \/><span class=\"wpcf7-list-item-label\">Acepto<\/span><\/span><\/span><\/span> los T\u00e9rminos de la Pol\u00edtica de privacidad<\/label><br>\n<label><span class=\"wpcf7-form-control-wrap\" data-name=\"acepto-comunicaciones\"><span class=\"wpcf7-form-control wpcf7-checkbox\"><span class=\"wpcf7-list-item first last\"><input type=\"checkbox\" name=\"acepto-comunicaciones[]\" value=\"Acepto\" \/><span class=\"wpcf7-list-item-label\">Acepto<\/span><\/span><\/span><\/span> recibir comunicaciones comerciales de Rayan Modas, S.L.U <\/label><br>\n<input class=\"wpcf7-form-control wpcf7-submit has-spinner\" type=\"submit\" value=\"Enviar\" \/>\n<\/div>\n<\/div><div class=\"wpcf7-response-output\" aria-hidden=\"true\"><\/div>\n<\/form>\n<\/div>\n\r\n\t\t\t\t<script>\r\n\t\t\t\tif ( typeof huOptions !== 'undefined' ) {\r\n\t\t\t\t\tvar huFormData = {\"source\":\"contactform7\",\"id\":14,\"title\":\"Formulario de contacto\",\"fields\":{\"subject\":{\"first_name\":\"your-name\",\"email\":\"your-email\"},\"preferences\":{\"terms\":\"your-consent\"}}};\r\n\t\t\t\t\tvar huFormNode = document.querySelector( '[id^=\"wpcf7-f14-\"] form' );\r\n\r\n\t\t\t\t\thuFormData['node'] = huFormNode;\r\n\t\t\t\t\thuOptions['forms'].push( huFormData );\r\n\t\t\t\t}\r\n\t\t\t\t<\/script>[vc_empty_space][\/vc_column][vc_column width=&#8221;1\/6&#8243;][\/vc_column][\/vc_row]<\/p>\n<\/div>","protected":false},"excerpt":{"rendered":"<p>[vc_row full_width=&#8221;stretch_row_content_no_spaces&#8221; content_placement=&#8221;middle&#8221; css=&#8221;.vc_custom_1509959359244{margin-top: 0px !important;margin-right: 0px !important;margin-bottom: 0px !important;margin-left: 0px !important;border-top-width: 0px !important;border-right-width: 0px !important;border-bottom-width: 0px !important;border-left-width: 0px !important;padding-top: 0px !important;padding-right: 0px !important;padding-bottom: 0px !important;padding-left: 0px !important;}&#8221;][vc_column width=&#8221;1\/2&#8243; css=&#8221;.vc_custom_1509959893322{margin-top: 0px !important;margin-bottom: 0px !important;margin-left: 0px !important;border-top-width: 0px !important;border-right-width: 0px !important;border-bottom-width: 0px !important;border-left-width: 0px !important;padding-top: 0px !important;padding-right: 0px !important;padding-bottom: 0px !important;padding-left: 0px !important;}&#8221;][\/vc_column][vc_column width=&#8221;1\/2&#8243; css=&#8221;.vc_custom_1509959883125{margin-top: 0px&hellip;<\/p>\n","protected":false},"author":1,"featured_media":0,"parent":0,"menu_order":0,"comment_status":"closed","ping_status":"closed","template":"","meta":{"footnotes":""},"class_list":["post-64549","page","type-page","status-publish","hentry","description-off"],"yoast_head":"<!-- This site is optimized with the Yoast SEO plugin v26.6 - https:\/\/yoast.com\/wordpress\/plugins\/seo\/ -->\n<title>Home - Collezione Primavera Estate 2020 | Casting Colecci\u00f3n<\/title>\n<meta name=\"robots\" content=\"index, follow, max-snippet:-1, max-image-preview:large, max-video-preview:-1\" \/>\n<link rel=\"canonical\" href=\"https:\/\/www.castingcoleccion.com\/it\/home-collezione-primavera-estate-2020\/\" \/>\n<meta property=\"og:locale\" content=\"it_IT\" \/>\n<meta property=\"og:type\" content=\"article\" \/>\n<meta property=\"og:title\" content=\"Home - Collezione Primavera Estate 2020 | Casting Colecci\u00f3n\" \/>\n<meta property=\"og:description\" content=\"[vc_row full_width=&#8221;stretch_row_content_no_spaces&#8221; content_placement=&#8221;middle&#8221; css=&#8221;.vc_custom_1509959359244{margin-top: 0px !important;margin-right: 0px !important;margin-bottom: 0px !important;margin-left: 0px !important;border-top-width: 0px !important;border-right-width: 0px !important;border-bottom-width: 0px !important;border-left-width: 0px !important;padding-top: 0px !important;padding-right: 0px !important;padding-bottom: 0px !important;padding-left: 0px !important;}&#8221;][vc_column width=&#8221;1\/2&#8243; css=&#8221;.vc_custom_1509959893322{margin-top: 0px !important;margin-bottom: 0px !important;margin-left: 0px !important;border-top-width: 0px !important;border-right-width: 0px !important;border-bottom-width: 0px !important;border-left-width: 0px !important;padding-top: 0px !important;padding-right: 0px !important;padding-bottom: 0px !important;padding-left: 0px !important;}&#8221;][\/vc_column][vc_column width=&#8221;1\/2&#8243; css=&#8221;.vc_custom_1509959883125{margin-top: 0px&hellip;\" \/>\n<meta property=\"og:url\" content=\"https:\/\/www.castingcoleccion.com\/it\/home-collezione-primavera-estate-2020\/\" \/>\n<meta property=\"og:site_name\" content=\"Casting Colecci\u00f3n\" \/>\n<meta property=\"article:modified_time\" content=\"2021-03-04T16:20:10+00:00\" \/>\n<meta name=\"twitter:card\" content=\"summary_large_image\" \/>\n<meta name=\"twitter:label1\" content=\"Tempo di lettura stimato\" \/>\n\t<meta name=\"twitter:data1\" content=\"5 minuti\" \/>\n<script type=\"application\/ld+json\" class=\"yoast-schema-graph\">{\"@context\":\"https:\/\/schema.org\",\"@graph\":[{\"@type\":\"WebPage\",\"@id\":\"https:\/\/www.castingcoleccion.com\/it\/home-collezione-primavera-estate-2020\/\",\"url\":\"https:\/\/www.castingcoleccion.com\/it\/home-collezione-primavera-estate-2020\/\",\"name\":\"Home - Collezione Primavera Estate 2020 | Casting Colecci\u00f3n\",\"isPartOf\":{\"@id\":\"https:\/\/www.castingcoleccion.com\/it\/#website\"},\"datePublished\":\"2019-12-30T14:18:29+00:00\",\"dateModified\":\"2021-03-04T16:20:10+00:00\",\"breadcrumb\":{\"@id\":\"https:\/\/www.castingcoleccion.com\/it\/home-collezione-primavera-estate-2020\/#breadcrumb\"},\"inLanguage\":\"it-IT\",\"potentialAction\":[{\"@type\":\"ReadAction\",\"target\":[\"https:\/\/www.castingcoleccion.com\/it\/home-collezione-primavera-estate-2020\/\"]}]},{\"@type\":\"BreadcrumbList\",\"@id\":\"https:\/\/www.castingcoleccion.com\/it\/home-collezione-primavera-estate-2020\/#breadcrumb\",\"itemListElement\":[{\"@type\":\"ListItem\",\"position\":1,\"name\":\"Portada\",\"item\":\"https:\/\/www.castingcoleccion.com\/it\/home-collezione-primavera-estate-2026\/\"},{\"@type\":\"ListItem\",\"position\":2,\"name\":\"Home &#8211; Collezione Primavera Estate 2020\"}]},{\"@type\":\"WebSite\",\"@id\":\"https:\/\/www.castingcoleccion.com\/it\/#website\",\"url\":\"https:\/\/www.castingcoleccion.com\/it\/\",\"name\":\"Casting Colecci\u00f3n\",\"description\":\"Casting Colecci\u00f3n. Vestidos de fiesta, ceremonia, cocktail y madrina. Moncho Heredia es una firma de dise\u00f1o de vestidos de fiesta y ceremonias para mujeres con estilo.\",\"publisher\":{\"@id\":\"https:\/\/www.castingcoleccion.com\/it\/#organization\"},\"potentialAction\":[{\"@type\":\"SearchAction\",\"target\":{\"@type\":\"EntryPoint\",\"urlTemplate\":\"https:\/\/www.castingcoleccion.com\/it\/?s={search_term_string}\"},\"query-input\":{\"@type\":\"PropertyValueSpecification\",\"valueRequired\":true,\"valueName\":\"search_term_string\"}}],\"inLanguage\":\"it-IT\"},{\"@type\":\"Organization\",\"@id\":\"https:\/\/www.castingcoleccion.com\/it\/#organization\",\"name\":\"Casting Colecci\u00f3n\",\"url\":\"https:\/\/www.castingcoleccion.com\/it\/\",\"logo\":{\"@type\":\"ImageObject\",\"inLanguage\":\"it-IT\",\"@id\":\"https:\/\/www.castingcoleccion.com\/it\/#\/schema\/logo\/image\/\",\"url\":\"https:\/\/www.castingcoleccion.com\/wp-content\/uploads\/2018\/03\/imagotipo_moncho_1024.png\",\"contentUrl\":\"https:\/\/www.castingcoleccion.com\/wp-content\/uploads\/2018\/03\/imagotipo_moncho_1024.png\",\"width\":1024,\"height\":1024,\"caption\":\"Casting Colecci\u00f3n\"},\"image\":{\"@id\":\"https:\/\/www.castingcoleccion.com\/it\/#\/schema\/logo\/image\/\"}}]}<\/script>\n<!-- \/ Yoast SEO plugin. -->","yoast_head_json":{"title":"Home - Collezione Primavera Estate 2020 | Casting Colecci\u00f3n","robots":{"index":"index","follow":"follow","max-snippet":"max-snippet:-1","max-image-preview":"max-image-preview:large","max-video-preview":"max-video-preview:-1"},"canonical":"https:\/\/www.castingcoleccion.com\/it\/home-collezione-primavera-estate-2020\/","og_locale":"it_IT","og_type":"article","og_title":"Home - Collezione Primavera Estate 2020 | Casting Colecci\u00f3n","og_description":"[vc_row full_width=&#8221;stretch_row_content_no_spaces&#8221; content_placement=&#8221;middle&#8221; css=&#8221;.vc_custom_1509959359244{margin-top: 0px !important;margin-right: 0px !important;margin-bottom: 0px !important;margin-left: 0px !important;border-top-width: 0px !important;border-right-width: 0px !important;border-bottom-width: 0px !important;border-left-width: 0px !important;padding-top: 0px !important;padding-right: 0px !important;padding-bottom: 0px !important;padding-left: 0px !important;}&#8221;][vc_column width=&#8221;1\/2&#8243; css=&#8221;.vc_custom_1509959893322{margin-top: 0px !important;margin-bottom: 0px !important;margin-left: 0px !important;border-top-width: 0px !important;border-right-width: 0px !important;border-bottom-width: 0px !important;border-left-width: 0px !important;padding-top: 0px !important;padding-right: 0px !important;padding-bottom: 0px !important;padding-left: 0px !important;}&#8221;][\/vc_column][vc_column width=&#8221;1\/2&#8243; css=&#8221;.vc_custom_1509959883125{margin-top: 0px&hellip;","og_url":"https:\/\/www.castingcoleccion.com\/it\/home-collezione-primavera-estate-2020\/","og_site_name":"Casting Colecci\u00f3n","article_modified_time":"2021-03-04T16:20:10+00:00","twitter_card":"summary_large_image","twitter_misc":{"Tempo di lettura stimato":"5 minuti"},"schema":{"@context":"https:\/\/schema.org","@graph":[{"@type":"WebPage","@id":"https:\/\/www.castingcoleccion.com\/it\/home-collezione-primavera-estate-2020\/","url":"https:\/\/www.castingcoleccion.com\/it\/home-collezione-primavera-estate-2020\/","name":"Home - Collezione Primavera Estate 2020 | Casting Colecci\u00f3n","isPartOf":{"@id":"https:\/\/www.castingcoleccion.com\/it\/#website"},"datePublished":"2019-12-30T14:18:29+00:00","dateModified":"2021-03-04T16:20:10+00:00","breadcrumb":{"@id":"https:\/\/www.castingcoleccion.com\/it\/home-collezione-primavera-estate-2020\/#breadcrumb"},"inLanguage":"it-IT","potentialAction":[{"@type":"ReadAction","target":["https:\/\/www.castingcoleccion.com\/it\/home-collezione-primavera-estate-2020\/"]}]},{"@type":"BreadcrumbList","@id":"https:\/\/www.castingcoleccion.com\/it\/home-collezione-primavera-estate-2020\/#breadcrumb","itemListElement":[{"@type":"ListItem","position":1,"name":"Portada","item":"https:\/\/www.castingcoleccion.com\/it\/home-collezione-primavera-estate-2026\/"},{"@type":"ListItem","position":2,"name":"Home &#8211; Collezione Primavera Estate 2020"}]},{"@type":"WebSite","@id":"https:\/\/www.castingcoleccion.com\/it\/#website","url":"https:\/\/www.castingcoleccion.com\/it\/","name":"Casting Colecci\u00f3n","description":"Casting Colecci\u00f3n. Vestidos de fiesta, ceremonia, cocktail y madrina. Moncho Heredia es una firma de dise\u00f1o de vestidos de fiesta y ceremonias para mujeres con estilo.","publisher":{"@id":"https:\/\/www.castingcoleccion.com\/it\/#organization"},"potentialAction":[{"@type":"SearchAction","target":{"@type":"EntryPoint","urlTemplate":"https:\/\/www.castingcoleccion.com\/it\/?s={search_term_string}"},"query-input":{"@type":"PropertyValueSpecification","valueRequired":true,"valueName":"search_term_string"}}],"inLanguage":"it-IT"},{"@type":"Organization","@id":"https:\/\/www.castingcoleccion.com\/it\/#organization","name":"Casting Colecci\u00f3n","url":"https:\/\/www.castingcoleccion.com\/it\/","logo":{"@type":"ImageObject","inLanguage":"it-IT","@id":"https:\/\/www.castingcoleccion.com\/it\/#\/schema\/logo\/image\/","url":"https:\/\/www.castingcoleccion.com\/wp-content\/uploads\/2018\/03\/imagotipo_moncho_1024.png","contentUrl":"https:\/\/www.castingcoleccion.com\/wp-content\/uploads\/2018\/03\/imagotipo_moncho_1024.png","width":1024,"height":1024,"caption":"Casting Colecci\u00f3n"},"image":{"@id":"https:\/\/www.castingcoleccion.com\/it\/#\/schema\/logo\/image\/"}}]}},"_links":{"self":[{"href":"https:\/\/www.castingcoleccion.com\/it\/wp-json\/wp\/v2\/pages\/64549","targetHints":{"allow":["GET"]}}],"collection":[{"href":"https:\/\/www.castingcoleccion.com\/it\/wp-json\/wp\/v2\/pages"}],"about":[{"href":"https:\/\/www.castingcoleccion.com\/it\/wp-json\/wp\/v2\/types\/page"}],"author":[{"embeddable":true,"href":"https:\/\/www.castingcoleccion.com\/it\/wp-json\/wp\/v2\/users\/1"}],"replies":[{"embeddable":true,"href":"https:\/\/www.castingcoleccion.com\/it\/wp-json\/wp\/v2\/comments?post=64549"}],"version-history":[{"count":6,"href":"https:\/\/www.castingcoleccion.com\/it\/wp-json\/wp\/v2\/pages\/64549\/revisions"}],"predecessor-version":[{"id":66940,"href":"https:\/\/www.castingcoleccion.com\/it\/wp-json\/wp\/v2\/pages\/64549\/revisions\/66940"}],"wp:attachment":[{"href":"https:\/\/www.castingcoleccion.com\/it\/wp-json\/wp\/v2\/media?parent=64549"}],"curies":[{"name":"wp","href":"https:\/\/api.w.org\/{rel}","templated":true}]}}