{"id":65239,"date":"2020-09-03T15:20:36","date_gmt":"2020-09-03T15:20:36","guid":{"rendered":"https:\/\/www.castingcoleccion.com\/coleccao-outono-inverno-2020\/coleccao-outono-inverno-2020-jaquetas-e-casacos\/"},"modified":"2020-09-03T16:54:36","modified_gmt":"2020-09-03T16:54:36","slug":"jaquetas-e-casacos","status":"publish","type":"page","link":"https:\/\/www.castingcoleccion.com\/pt-pt\/coleccao-outono-inverno-2020\/jaquetas-e-casacos\/","title":{"rendered":"Colec\u00e7\u00e3o Outono-Inverno 2020 &#8211; Jaquetas e Casacos"},"content":{"rendered":"<div class=\"wpb-content-wrapper\"><p>[vc_row][vc_column][vc_wp_custommenu nav_menu=&#8221;489&#8243; el_class=&#8221;menuhorizontal&#8221;][\/vc_column][\/vc_row]<\/p>\n<\/div>","protected":false},"excerpt":{"rendered":"<p>[vc_row][vc_column][vc_wp_custommenu nav_menu=&#8221;489&#8243; el_class=&#8221;menuhorizontal&#8221;][\/vc_column][\/vc_row]<\/p>\n","protected":false},"author":1,"featured_media":0,"parent":65198,"menu_order":0,"comment_status":"closed","ping_status":"closed","template":"template-media.php","meta":{"footnotes":""},"class_list":["post-65239","page","type-page","status-publish","hentry","description-off"],"yoast_head":"<!-- This site is optimized with the Yoast SEO plugin v26.6 - https:\/\/yoast.com\/wordpress\/plugins\/seo\/ -->\n<title>Colec\u00e7\u00e3o Outono-Inverno 2020 - Jaquetas e Casacos | Casting Colecci\u00f3n<\/title>\n<meta name=\"description\" content=\"Colec\u00e7\u00e3o Outono-Inverno 2020 LookBook - Jaquetas e Casacos\" \/>\n<meta name=\"robots\" content=\"index, follow, max-snippet:-1, max-image-preview:large, max-video-preview:-1\" \/>\n<link rel=\"canonical\" href=\"https:\/\/www.castingcoleccion.com\/pt-pt\/coleccao-outono-inverno-2020\/jaquetas-e-casacos\/\" \/>\n<meta property=\"og:locale\" content=\"pt_PT\" \/>\n<meta property=\"og:type\" content=\"article\" \/>\n<meta property=\"og:title\" content=\"Colec\u00e7\u00e3o Outono-Inverno 2020 - Jaquetas e Casacos | Casting Colecci\u00f3n\" \/>\n<meta property=\"og:description\" content=\"Colec\u00e7\u00e3o Outono-Inverno 2020 LookBook - Jaquetas e Casacos\" \/>\n<meta property=\"og:url\" content=\"https:\/\/www.castingcoleccion.com\/pt-pt\/coleccao-outono-inverno-2020\/jaquetas-e-casacos\/\" \/>\n<meta property=\"og:site_name\" content=\"Casting Colecci\u00f3n\" \/>\n<meta property=\"article:modified_time\" content=\"2020-09-03T16:54:36+00:00\" \/>\n<meta name=\"twitter:card\" content=\"summary_large_image\" \/>\n<script type=\"application\/ld+json\" class=\"yoast-schema-graph\">{\"@context\":\"https:\/\/schema.org\",\"@graph\":[{\"@type\":\"WebPage\",\"@id\":\"https:\/\/www.castingcoleccion.com\/pt-pt\/coleccao-outono-inverno-2020\/jaquetas-e-casacos\/\",\"url\":\"https:\/\/www.castingcoleccion.com\/pt-pt\/coleccao-outono-inverno-2020\/jaquetas-e-casacos\/\",\"name\":\"Colec\u00e7\u00e3o Outono-Inverno 2020 - Jaquetas e Casacos | Casting Colecci\u00f3n\",\"isPartOf\":{\"@id\":\"https:\/\/www.castingcoleccion.com\/pt-pt\/#website\"},\"datePublished\":\"2020-09-03T15:20:36+00:00\",\"dateModified\":\"2020-09-03T16:54:36+00:00\",\"description\":\"Colec\u00e7\u00e3o Outono-Inverno 2020 LookBook - Jaquetas e Casacos\",\"breadcrumb\":{\"@id\":\"https:\/\/www.castingcoleccion.com\/pt-pt\/coleccao-outono-inverno-2020\/jaquetas-e-casacos\/#breadcrumb\"},\"inLanguage\":\"pt-PT\",\"potentialAction\":[{\"@type\":\"ReadAction\",\"target\":[\"https:\/\/www.castingcoleccion.com\/pt-pt\/coleccao-outono-inverno-2020\/jaquetas-e-casacos\/\"]}]},{\"@type\":\"BreadcrumbList\",\"@id\":\"https:\/\/www.castingcoleccion.com\/pt-pt\/coleccao-outono-inverno-2020\/jaquetas-e-casacos\/#breadcrumb\",\"itemListElement\":[{\"@type\":\"ListItem\",\"position\":1,\"name\":\"Portada\",\"item\":\"https:\/\/www.castingcoleccion.com\/pt-pt\/pagina-inicial-colecao-primavera-verao-2025-2\/\"},{\"@type\":\"ListItem\",\"position\":2,\"name\":\"Colec\u00e7\u00e3o Outono-Inverno 2020\",\"item\":\"https:\/\/www.castingcoleccion.com\/pt-pt\/coleccao-outono-inverno-2020\/\"},{\"@type\":\"ListItem\",\"position\":3,\"name\":\"Colec\u00e7\u00e3o Outono-Inverno 2020 &#8211; Jaquetas e Casacos\"}]},{\"@type\":\"WebSite\",\"@id\":\"https:\/\/www.castingcoleccion.com\/pt-pt\/#website\",\"url\":\"https:\/\/www.castingcoleccion.com\/pt-pt\/\",\"name\":\"Casting Colecci\u00f3n\",\"description\":\"Casting Colecci\u00f3n. Vestidos de fiesta, ceremonia, cocktail y madrina. Moncho Heredia es una firma de dise\u00f1o de vestidos de fiesta y ceremonias para mujeres con estilo.\",\"publisher\":{\"@id\":\"https:\/\/www.castingcoleccion.com\/pt-pt\/#organization\"},\"potentialAction\":[{\"@type\":\"SearchAction\",\"target\":{\"@type\":\"EntryPoint\",\"urlTemplate\":\"https:\/\/www.castingcoleccion.com\/pt-pt\/?s={search_term_string}\"},\"query-input\":{\"@type\":\"PropertyValueSpecification\",\"valueRequired\":true,\"valueName\":\"search_term_string\"}}],\"inLanguage\":\"pt-PT\"},{\"@type\":\"Organization\",\"@id\":\"https:\/\/www.castingcoleccion.com\/pt-pt\/#organization\",\"name\":\"Casting Colecci\u00f3n\",\"url\":\"https:\/\/www.castingcoleccion.com\/pt-pt\/\",\"logo\":{\"@type\":\"ImageObject\",\"inLanguage\":\"pt-PT\",\"@id\":\"https:\/\/www.castingcoleccion.com\/pt-pt\/#\/schema\/logo\/image\/\",\"url\":\"https:\/\/www.castingcoleccion.com\/wp-content\/uploads\/2018\/03\/imagotipo_moncho_1024.png\",\"contentUrl\":\"https:\/\/www.castingcoleccion.com\/wp-content\/uploads\/2018\/03\/imagotipo_moncho_1024.png\",\"width\":1024,\"height\":1024,\"caption\":\"Casting Colecci\u00f3n\"},\"image\":{\"@id\":\"https:\/\/www.castingcoleccion.com\/pt-pt\/#\/schema\/logo\/image\/\"}}]}<\/script>\n<!-- \/ Yoast SEO plugin. -->","yoast_head_json":{"title":"Colec\u00e7\u00e3o Outono-Inverno 2020 - Jaquetas e Casacos | Casting Colecci\u00f3n","description":"Colec\u00e7\u00e3o Outono-Inverno 2020 LookBook - Jaquetas e Casacos","robots":{"index":"index","follow":"follow","max-snippet":"max-snippet:-1","max-image-preview":"max-image-preview:large","max-video-preview":"max-video-preview:-1"},"canonical":"https:\/\/www.castingcoleccion.com\/pt-pt\/coleccao-outono-inverno-2020\/jaquetas-e-casacos\/","og_locale":"pt_PT","og_type":"article","og_title":"Colec\u00e7\u00e3o Outono-Inverno 2020 - Jaquetas e Casacos | Casting Colecci\u00f3n","og_description":"Colec\u00e7\u00e3o Outono-Inverno 2020 LookBook - Jaquetas e Casacos","og_url":"https:\/\/www.castingcoleccion.com\/pt-pt\/coleccao-outono-inverno-2020\/jaquetas-e-casacos\/","og_site_name":"Casting Colecci\u00f3n","article_modified_time":"2020-09-03T16:54:36+00:00","twitter_card":"summary_large_image","schema":{"@context":"https:\/\/schema.org","@graph":[{"@type":"WebPage","@id":"https:\/\/www.castingcoleccion.com\/pt-pt\/coleccao-outono-inverno-2020\/jaquetas-e-casacos\/","url":"https:\/\/www.castingcoleccion.com\/pt-pt\/coleccao-outono-inverno-2020\/jaquetas-e-casacos\/","name":"Colec\u00e7\u00e3o Outono-Inverno 2020 - Jaquetas e Casacos | Casting Colecci\u00f3n","isPartOf":{"@id":"https:\/\/www.castingcoleccion.com\/pt-pt\/#website"},"datePublished":"2020-09-03T15:20:36+00:00","dateModified":"2020-09-03T16:54:36+00:00","description":"Colec\u00e7\u00e3o Outono-Inverno 2020 LookBook - Jaquetas e Casacos","breadcrumb":{"@id":"https:\/\/www.castingcoleccion.com\/pt-pt\/coleccao-outono-inverno-2020\/jaquetas-e-casacos\/#breadcrumb"},"inLanguage":"pt-PT","potentialAction":[{"@type":"ReadAction","target":["https:\/\/www.castingcoleccion.com\/pt-pt\/coleccao-outono-inverno-2020\/jaquetas-e-casacos\/"]}]},{"@type":"BreadcrumbList","@id":"https:\/\/www.castingcoleccion.com\/pt-pt\/coleccao-outono-inverno-2020\/jaquetas-e-casacos\/#breadcrumb","itemListElement":[{"@type":"ListItem","position":1,"name":"Portada","item":"https:\/\/www.castingcoleccion.com\/pt-pt\/pagina-inicial-colecao-primavera-verao-2025-2\/"},{"@type":"ListItem","position":2,"name":"Colec\u00e7\u00e3o Outono-Inverno 2020","item":"https:\/\/www.castingcoleccion.com\/pt-pt\/coleccao-outono-inverno-2020\/"},{"@type":"ListItem","position":3,"name":"Colec\u00e7\u00e3o Outono-Inverno 2020 &#8211; Jaquetas e Casacos"}]},{"@type":"WebSite","@id":"https:\/\/www.castingcoleccion.com\/pt-pt\/#website","url":"https:\/\/www.castingcoleccion.com\/pt-pt\/","name":"Casting Colecci\u00f3n","description":"Casting Colecci\u00f3n. Vestidos de fiesta, ceremonia, cocktail y madrina. Moncho Heredia es una firma de dise\u00f1o de vestidos de fiesta y ceremonias para mujeres con estilo.","publisher":{"@id":"https:\/\/www.castingcoleccion.com\/pt-pt\/#organization"},"potentialAction":[{"@type":"SearchAction","target":{"@type":"EntryPoint","urlTemplate":"https:\/\/www.castingcoleccion.com\/pt-pt\/?s={search_term_string}"},"query-input":{"@type":"PropertyValueSpecification","valueRequired":true,"valueName":"search_term_string"}}],"inLanguage":"pt-PT"},{"@type":"Organization","@id":"https:\/\/www.castingcoleccion.com\/pt-pt\/#organization","name":"Casting Colecci\u00f3n","url":"https:\/\/www.castingcoleccion.com\/pt-pt\/","logo":{"@type":"ImageObject","inLanguage":"pt-PT","@id":"https:\/\/www.castingcoleccion.com\/pt-pt\/#\/schema\/logo\/image\/","url":"https:\/\/www.castingcoleccion.com\/wp-content\/uploads\/2018\/03\/imagotipo_moncho_1024.png","contentUrl":"https:\/\/www.castingcoleccion.com\/wp-content\/uploads\/2018\/03\/imagotipo_moncho_1024.png","width":1024,"height":1024,"caption":"Casting Colecci\u00f3n"},"image":{"@id":"https:\/\/www.castingcoleccion.com\/pt-pt\/#\/schema\/logo\/image\/"}}]}},"_links":{"self":[{"href":"https:\/\/www.castingcoleccion.com\/pt-pt\/wp-json\/wp\/v2\/pages\/65239","targetHints":{"allow":["GET"]}}],"collection":[{"href":"https:\/\/www.castingcoleccion.com\/pt-pt\/wp-json\/wp\/v2\/pages"}],"about":[{"href":"https:\/\/www.castingcoleccion.com\/pt-pt\/wp-json\/wp\/v2\/types\/page"}],"author":[{"embeddable":true,"href":"https:\/\/www.castingcoleccion.com\/pt-pt\/wp-json\/wp\/v2\/users\/1"}],"replies":[{"embeddable":true,"href":"https:\/\/www.castingcoleccion.com\/pt-pt\/wp-json\/wp\/v2\/comments?post=65239"}],"version-history":[{"count":3,"href":"https:\/\/www.castingcoleccion.com\/pt-pt\/wp-json\/wp\/v2\/pages\/65239\/revisions"}],"predecessor-version":[{"id":65245,"href":"https:\/\/www.castingcoleccion.com\/pt-pt\/wp-json\/wp\/v2\/pages\/65239\/revisions\/65245"}],"up":[{"embeddable":true,"href":"https:\/\/www.castingcoleccion.com\/pt-pt\/wp-json\/wp\/v2\/pages\/65198"}],"wp:attachment":[{"href":"https:\/\/www.castingcoleccion.com\/pt-pt\/wp-json\/wp\/v2\/media?parent=65239"}],"curies":[{"name":"wp","href":"https:\/\/api.w.org\/{rel}","templated":true}]}}