{"id":76177,"date":"2022-01-18T08:33:01","date_gmt":"2022-01-18T08:33:01","guid":{"rendered":"https:\/\/www.castingcoleccion.com\/colecao-casting-boho-2022-lookbook\/faldas-y-pantalones\/"},"modified":"2022-01-28T18:46:08","modified_gmt":"2022-01-28T18:46:08","slug":"saias-e-calcas","status":"publish","type":"page","link":"https:\/\/www.castingcoleccion.com\/pt-pt\/colecao-casting-boho-2022-lookbook\/saias-e-calcas\/","title":{"rendered":"Cole\u00e7ao Casting Boho 2022 Lookbook &#8211; Saias e Cal\u00e7as"},"content":{"rendered":"<div class=\"wpb-content-wrapper\"><p>[vc_row][vc_column][vc_wp_custommenu nav_menu=&#8221;607&#8243; el_class=&#8221;menuhorizontal&#8221;][\/vc_column][\/vc_row]<\/p>\n<\/div>","protected":false},"excerpt":{"rendered":"<p>[vc_row][vc_column][vc_wp_custommenu nav_menu=&#8221;607&#8243; el_class=&#8221;menuhorizontal&#8221;][\/vc_column][\/vc_row]<\/p>\n","protected":false},"author":13,"featured_media":0,"parent":76123,"menu_order":0,"comment_status":"closed","ping_status":"closed","template":"template-media.php","meta":{"footnotes":""},"class_list":["post-76177","page","type-page","status-publish","hentry","description-off"],"yoast_head":"<!-- This site is optimized with the Yoast SEO plugin v26.6 - https:\/\/yoast.com\/wordpress\/plugins\/seo\/ -->\n<title>Cole\u00e7ao Casting Boho 2022 Lookbook - Saias e Cal\u00e7as | Casting Colecci\u00f3n<\/title>\n<meta name=\"robots\" content=\"index, follow, max-snippet:-1, max-image-preview:large, max-video-preview:-1\" \/>\n<link rel=\"canonical\" href=\"https:\/\/www.castingcoleccion.com\/pt-pt\/colecao-casting-boho-2022-lookbook\/saias-e-calcas\/\" \/>\n<meta property=\"og:locale\" content=\"pt_PT\" \/>\n<meta property=\"og:type\" content=\"article\" \/>\n<meta property=\"og:title\" content=\"Cole\u00e7ao Casting Boho 2022 Lookbook - Saias e Cal\u00e7as | Casting Colecci\u00f3n\" \/>\n<meta property=\"og:description\" content=\"[vc_row][vc_column][vc_wp_custommenu nav_menu=&#8221;607&#8243; el_class=&#8221;menuhorizontal&#8221;][\/vc_column][\/vc_row]\" \/>\n<meta property=\"og:url\" content=\"https:\/\/www.castingcoleccion.com\/pt-pt\/colecao-casting-boho-2022-lookbook\/saias-e-calcas\/\" \/>\n<meta property=\"og:site_name\" content=\"Casting Colecci\u00f3n\" \/>\n<meta property=\"article:modified_time\" content=\"2022-01-28T18:46:08+00:00\" \/>\n<meta name=\"twitter:card\" content=\"summary_large_image\" \/>\n<script type=\"application\/ld+json\" class=\"yoast-schema-graph\">{\"@context\":\"https:\/\/schema.org\",\"@graph\":[{\"@type\":\"WebPage\",\"@id\":\"https:\/\/www.castingcoleccion.com\/pt-pt\/colecao-casting-boho-2022-lookbook\/saias-e-calcas\/\",\"url\":\"https:\/\/www.castingcoleccion.com\/pt-pt\/colecao-casting-boho-2022-lookbook\/saias-e-calcas\/\",\"name\":\"Cole\u00e7ao Casting Boho 2022 Lookbook - Saias e Cal\u00e7as | Casting Colecci\u00f3n\",\"isPartOf\":{\"@id\":\"https:\/\/www.castingcoleccion.com\/pt-pt\/#website\"},\"datePublished\":\"2022-01-18T08:33:01+00:00\",\"dateModified\":\"2022-01-28T18:46:08+00:00\",\"breadcrumb\":{\"@id\":\"https:\/\/www.castingcoleccion.com\/pt-pt\/colecao-casting-boho-2022-lookbook\/saias-e-calcas\/#breadcrumb\"},\"inLanguage\":\"pt-PT\",\"potentialAction\":[{\"@type\":\"ReadAction\",\"target\":[\"https:\/\/www.castingcoleccion.com\/pt-pt\/colecao-casting-boho-2022-lookbook\/saias-e-calcas\/\"]}]},{\"@type\":\"BreadcrumbList\",\"@id\":\"https:\/\/www.castingcoleccion.com\/pt-pt\/colecao-casting-boho-2022-lookbook\/saias-e-calcas\/#breadcrumb\",\"itemListElement\":[{\"@type\":\"ListItem\",\"position\":1,\"name\":\"Portada\",\"item\":\"https:\/\/www.castingcoleccion.com\/pt-pt\/pagina-inicial-colecao-primavera-verao-2025-2\/\"},{\"@type\":\"ListItem\",\"position\":2,\"name\":\"Cole\u00e7\u00e3o Casting Boho 2022 LookBook\",\"item\":\"https:\/\/www.castingcoleccion.com\/pt-pt\/colecao-casting-boho-2022-lookbook\/\"},{\"@type\":\"ListItem\",\"position\":3,\"name\":\"Cole\u00e7ao Casting Boho 2022 Lookbook &#8211; Saias e Cal\u00e7as\"}]},{\"@type\":\"WebSite\",\"@id\":\"https:\/\/www.castingcoleccion.com\/pt-pt\/#website\",\"url\":\"https:\/\/www.castingcoleccion.com\/pt-pt\/\",\"name\":\"Casting Colecci\u00f3n\",\"description\":\"Casting Colecci\u00f3n. Vestidos de fiesta, ceremonia, cocktail y madrina. Moncho Heredia es una firma de dise\u00f1o de vestidos de fiesta y ceremonias para mujeres con estilo.\",\"publisher\":{\"@id\":\"https:\/\/www.castingcoleccion.com\/pt-pt\/#organization\"},\"potentialAction\":[{\"@type\":\"SearchAction\",\"target\":{\"@type\":\"EntryPoint\",\"urlTemplate\":\"https:\/\/www.castingcoleccion.com\/pt-pt\/?s={search_term_string}\"},\"query-input\":{\"@type\":\"PropertyValueSpecification\",\"valueRequired\":true,\"valueName\":\"search_term_string\"}}],\"inLanguage\":\"pt-PT\"},{\"@type\":\"Organization\",\"@id\":\"https:\/\/www.castingcoleccion.com\/pt-pt\/#organization\",\"name\":\"Casting Colecci\u00f3n\",\"url\":\"https:\/\/www.castingcoleccion.com\/pt-pt\/\",\"logo\":{\"@type\":\"ImageObject\",\"inLanguage\":\"pt-PT\",\"@id\":\"https:\/\/www.castingcoleccion.com\/pt-pt\/#\/schema\/logo\/image\/\",\"url\":\"https:\/\/www.castingcoleccion.com\/wp-content\/uploads\/2018\/03\/imagotipo_moncho_1024.png\",\"contentUrl\":\"https:\/\/www.castingcoleccion.com\/wp-content\/uploads\/2018\/03\/imagotipo_moncho_1024.png\",\"width\":1024,\"height\":1024,\"caption\":\"Casting Colecci\u00f3n\"},\"image\":{\"@id\":\"https:\/\/www.castingcoleccion.com\/pt-pt\/#\/schema\/logo\/image\/\"}}]}<\/script>\n<!-- \/ Yoast SEO plugin. -->","yoast_head_json":{"title":"Cole\u00e7ao Casting Boho 2022 Lookbook - Saias e Cal\u00e7as | Casting Colecci\u00f3n","robots":{"index":"index","follow":"follow","max-snippet":"max-snippet:-1","max-image-preview":"max-image-preview:large","max-video-preview":"max-video-preview:-1"},"canonical":"https:\/\/www.castingcoleccion.com\/pt-pt\/colecao-casting-boho-2022-lookbook\/saias-e-calcas\/","og_locale":"pt_PT","og_type":"article","og_title":"Cole\u00e7ao Casting Boho 2022 Lookbook - Saias e Cal\u00e7as | Casting Colecci\u00f3n","og_description":"[vc_row][vc_column][vc_wp_custommenu nav_menu=&#8221;607&#8243; el_class=&#8221;menuhorizontal&#8221;][\/vc_column][\/vc_row]","og_url":"https:\/\/www.castingcoleccion.com\/pt-pt\/colecao-casting-boho-2022-lookbook\/saias-e-calcas\/","og_site_name":"Casting Colecci\u00f3n","article_modified_time":"2022-01-28T18:46:08+00:00","twitter_card":"summary_large_image","schema":{"@context":"https:\/\/schema.org","@graph":[{"@type":"WebPage","@id":"https:\/\/www.castingcoleccion.com\/pt-pt\/colecao-casting-boho-2022-lookbook\/saias-e-calcas\/","url":"https:\/\/www.castingcoleccion.com\/pt-pt\/colecao-casting-boho-2022-lookbook\/saias-e-calcas\/","name":"Cole\u00e7ao Casting Boho 2022 Lookbook - Saias e Cal\u00e7as | Casting Colecci\u00f3n","isPartOf":{"@id":"https:\/\/www.castingcoleccion.com\/pt-pt\/#website"},"datePublished":"2022-01-18T08:33:01+00:00","dateModified":"2022-01-28T18:46:08+00:00","breadcrumb":{"@id":"https:\/\/www.castingcoleccion.com\/pt-pt\/colecao-casting-boho-2022-lookbook\/saias-e-calcas\/#breadcrumb"},"inLanguage":"pt-PT","potentialAction":[{"@type":"ReadAction","target":["https:\/\/www.castingcoleccion.com\/pt-pt\/colecao-casting-boho-2022-lookbook\/saias-e-calcas\/"]}]},{"@type":"BreadcrumbList","@id":"https:\/\/www.castingcoleccion.com\/pt-pt\/colecao-casting-boho-2022-lookbook\/saias-e-calcas\/#breadcrumb","itemListElement":[{"@type":"ListItem","position":1,"name":"Portada","item":"https:\/\/www.castingcoleccion.com\/pt-pt\/pagina-inicial-colecao-primavera-verao-2025-2\/"},{"@type":"ListItem","position":2,"name":"Cole\u00e7\u00e3o Casting Boho 2022 LookBook","item":"https:\/\/www.castingcoleccion.com\/pt-pt\/colecao-casting-boho-2022-lookbook\/"},{"@type":"ListItem","position":3,"name":"Cole\u00e7ao Casting Boho 2022 Lookbook &#8211; Saias e Cal\u00e7as"}]},{"@type":"WebSite","@id":"https:\/\/www.castingcoleccion.com\/pt-pt\/#website","url":"https:\/\/www.castingcoleccion.com\/pt-pt\/","name":"Casting Colecci\u00f3n","description":"Casting Colecci\u00f3n. Vestidos de fiesta, ceremonia, cocktail y madrina. Moncho Heredia es una firma de dise\u00f1o de vestidos de fiesta y ceremonias para mujeres con estilo.","publisher":{"@id":"https:\/\/www.castingcoleccion.com\/pt-pt\/#organization"},"potentialAction":[{"@type":"SearchAction","target":{"@type":"EntryPoint","urlTemplate":"https:\/\/www.castingcoleccion.com\/pt-pt\/?s={search_term_string}"},"query-input":{"@type":"PropertyValueSpecification","valueRequired":true,"valueName":"search_term_string"}}],"inLanguage":"pt-PT"},{"@type":"Organization","@id":"https:\/\/www.castingcoleccion.com\/pt-pt\/#organization","name":"Casting Colecci\u00f3n","url":"https:\/\/www.castingcoleccion.com\/pt-pt\/","logo":{"@type":"ImageObject","inLanguage":"pt-PT","@id":"https:\/\/www.castingcoleccion.com\/pt-pt\/#\/schema\/logo\/image\/","url":"https:\/\/www.castingcoleccion.com\/wp-content\/uploads\/2018\/03\/imagotipo_moncho_1024.png","contentUrl":"https:\/\/www.castingcoleccion.com\/wp-content\/uploads\/2018\/03\/imagotipo_moncho_1024.png","width":1024,"height":1024,"caption":"Casting Colecci\u00f3n"},"image":{"@id":"https:\/\/www.castingcoleccion.com\/pt-pt\/#\/schema\/logo\/image\/"}}]}},"_links":{"self":[{"href":"https:\/\/www.castingcoleccion.com\/pt-pt\/wp-json\/wp\/v2\/pages\/76177","targetHints":{"allow":["GET"]}}],"collection":[{"href":"https:\/\/www.castingcoleccion.com\/pt-pt\/wp-json\/wp\/v2\/pages"}],"about":[{"href":"https:\/\/www.castingcoleccion.com\/pt-pt\/wp-json\/wp\/v2\/types\/page"}],"author":[{"embeddable":true,"href":"https:\/\/www.castingcoleccion.com\/pt-pt\/wp-json\/wp\/v2\/users\/13"}],"replies":[{"embeddable":true,"href":"https:\/\/www.castingcoleccion.com\/pt-pt\/wp-json\/wp\/v2\/comments?post=76177"}],"version-history":[{"count":3,"href":"https:\/\/www.castingcoleccion.com\/pt-pt\/wp-json\/wp\/v2\/pages\/76177\/revisions"}],"predecessor-version":[{"id":76694,"href":"https:\/\/www.castingcoleccion.com\/pt-pt\/wp-json\/wp\/v2\/pages\/76177\/revisions\/76694"}],"up":[{"embeddable":true,"href":"https:\/\/www.castingcoleccion.com\/pt-pt\/wp-json\/wp\/v2\/pages\/76123"}],"wp:attachment":[{"href":"https:\/\/www.castingcoleccion.com\/pt-pt\/wp-json\/wp\/v2\/media?parent=76177"}],"curies":[{"name":"wp","href":"https:\/\/api.w.org\/{rel}","templated":true}]}}