{"id":86511,"date":"2025-12-21T19:18:47","date_gmt":"2025-12-21T19:18:47","guid":{"rendered":"https:\/\/www.castingcoleccion.com\/inicio-coleccion-primavera-verano-2026\/"},"modified":"2025-12-21T19:46:08","modified_gmt":"2025-12-21T19:46:08","slug":"pagina-inicial-colecao-primavera-verao-2025-2","status":"publish","type":"page","link":"https:\/\/www.castingcoleccion.com\/pt-pt\/","title":{"rendered":"P\u00e1gina Inicial &#8211; Cole\u00e7\u00e3o Primavera-Ver\u00e3o 2025"},"content":{"rendered":"<div class=\"wpb-content-wrapper\"><p>[vc_row full_width=&#8221;stretch_row_content_no_spaces&#8221; content_placement=&#8221;middle&#8221; css=&#8221;.vc_custom_1509959359244{margin-top: 0px !important;margin-right: 0px !important;margin-bottom: 0px !important;margin-left: 0px !important;border-top-width: 0px !important;border-right-width: 0px !important;border-bottom-width: 0px !important;border-left-width: 0px !important;padding-top: 0px !important;padding-right: 0px !important;padding-bottom: 0px !important;padding-left: 0px !important;}&#8221;][vc_column width=&#8221;1\/2&#8243; css=&#8221;.vc_custom_1509959893322{margin-top: 0px !important;margin-bottom: 0px !important;margin-left: 0px !important;border-top-width: 0px !important;border-right-width: 0px !important;border-bottom-width: 0px !important;border-left-width: 0px !important;padding-top: 0px !important;padding-right: 0px !important;padding-bottom: 0px !important;padding-left: 0px !important;}&#8221;]<div tabindex=\"0\" class=\"ult-new-ib ult-ib-effect-style6  ult-ib-resp   vc_custom_1766346318782\" data-min-width=\"768\" data-max-width=\"900\" style=\"background:rgba(240,240,240,0.5);\" data-opacity=\"0.85\" data-hover-opacity=\"1\" ><img decoding=\"async\" class=\"ult-new-ib-img\" style=\"opacity:0.85;\" alt=\"null\" src=\"https:\/\/www.castingcoleccion.com\/wp-content\/uploads\/2025\/12\/portada-casting-azahar-2026-imagen.jpg\"   \/><div id=\"interactive-banner-wrap-5323\" class=\"ult-new-ib-desc\" style=\"\"><h1 class=\"ult-new-ib-title ult-responsive\"  data-ultimate-target='#interactive-banner-wrap-5323 .ult-new-ib-title'  data-responsive-json-new='{\"font-size\":\"desktop:50px;\",\"line-height\":\"desktop:48px;\"}'  style=\"font-family:&#039;Montserrat&#039;;font-weight:600;color:#ffffff;\">Azahar<sub>Cole\u00e7\u00e3o Imagem<\/sub><\/h1><\/div><a class=\"ult-new-ib-link\" href=\"https:\/\/www.castingcoleccion.com\/pt-pt\/vestidos\/azahar-colecao-2026-casting-coleccion\/\" title=\"Azahar Cole\u00e7\u00e3o 2026 \u2013 Casting Colecci\u00f3n\"  ><\/a><\/div>[\/vc_column][vc_column width=&#8221;1\/2&#8243; css=&#8221;.vc_custom_1509959883125{margin-top: 0px !important;margin-right: 0px !important;margin-bottom: 0px !important;margin-left: 0px !important;border-top-width: 0px !important;border-right-width: 0px !important;border-bottom-width: 0px !important;border-left-width: 0px !important;padding-top: 0px !important;padding-right: 0px !important;padding-bottom: 0px !important;padding-left: 0px !important;}&#8221;]<div tabindex=\"0\" class=\"ult-new-ib ult-ib-effect-style6  ult-ib-resp   vc_custom_1766346334695\" data-min-width=\"768\" data-max-width=\"900\" style=\"background:rgba(240,240,240,0.5);\" data-opacity=\"0.85\" data-hover-opacity=\"1\" ><img decoding=\"async\" class=\"ult-new-ib-img\" style=\"opacity:0.85;\" alt=\"null\" src=\"https:\/\/www.castingcoleccion.com\/wp-content\/uploads\/2025\/12\/portada-casting-2026-lookbook.jpg\"   \/><div id=\"interactive-banner-wrap-4884\" class=\"ult-new-ib-desc\" style=\"\"><h1 class=\"ult-new-ib-title ult-responsive\"  data-ultimate-target='#interactive-banner-wrap-4884 .ult-new-ib-title'  data-responsive-json-new='{\"font-size\":\"desktop:50px;\",\"line-height\":\"desktop:48px;\"}'  style=\"font-family:&#039;Montserrat&#039;;font-weight:600;color:#ffffff;\">Azahar<sub>Look Book<\/sub><\/h1><\/div><a class=\"ult-new-ib-link\" href=\"https:\/\/www.castingcoleccion.com\/pt-pt\/azahar-colecao-2026-lookbook\/\" title=\"Azahar Cole\u00e7\u00e3o Lookbook\"  ><\/a><\/div>[\/vc_column][\/vc_row][vc_row full_width=&#8221;stretch_row_content_no_spaces&#8221; content_placement=&#8221;middle&#8221; css=&#8221;.vc_custom_1509959359244{margin-top: 0px !important;margin-right: 0px !important;margin-bottom: 0px !important;margin-left: 0px !important;border-top-width: 0px !important;border-right-width: 0px !important;border-bottom-width: 0px !important;border-left-width: 0px !important;padding-top: 0px !important;padding-right: 0px !important;padding-bottom: 0px !important;padding-left: 0px !important;}&#8221;][vc_column width=&#8221;1\/2&#8243; css=&#8221;.vc_custom_1509959893322{margin-top: 0px !important;margin-bottom: 0px !important;margin-left: 0px !important;border-top-width: 0px !important;border-right-width: 0px !important;border-bottom-width: 0px !important;border-left-width: 0px !important;padding-top: 0px !important;padding-right: 0px !important;padding-bottom: 0px !important;padding-left: 0px !important;}&#8221;]<div tabindex=\"0\" class=\"ult-new-ib ult-ib-effect-style6  ult-ib-resp   vc_custom_1761669005162\" data-min-width=\"768\" data-max-width=\"900\" style=\"background:rgba(240,240,240,0.5);\" data-opacity=\"0.85\" data-hover-opacity=\"1\" ><img decoding=\"async\" class=\"ult-new-ib-img\" style=\"opacity:0.85;\" alt=\"null\" src=\"https:\/\/www.castingcoleccion.com\/wp-content\/uploads\/2025\/10\/foto-coleccion-flash-invierno-2025-lookbook.jpg\"   \/><div id=\"interactive-banner-wrap-4260\" class=\"ult-new-ib-desc\" style=\"\"><h1 class=\"ult-new-ib-title ult-responsive\"  data-ultimate-target='#interactive-banner-wrap-4260 .ult-new-ib-title'  data-responsive-json-new='{\"font-size\":\"desktop:50px;\",\"line-height\":\"desktop:48px;\"}'  style=\"font-family:&#039;Montserrat&#039;;font-weight:600;color:#ffffff;\">Flash Inverno<sub>Cole\u00e7\u00e3o Imagem<\/sub><\/h1><\/div><a class=\"ult-new-ib-link\" href=\"https:\/\/www.castingcoleccion.com\/pt-pt\/vestidos\/colecao-flash-inverno-2025-casting-coleccion\/\" title=\"Cole\u00e7\u00e3o Flash Inverno 2025 \u2013 Casting Colecci\u00f3n\"  ><\/a><\/div>[\/vc_column][vc_column width=&#8221;1\/2&#8243; css=&#8221;.vc_custom_1509959883125{margin-top: 0px !important;margin-right: 0px !important;margin-bottom: 0px !important;margin-left: 0px !important;border-top-width: 0px !important;border-right-width: 0px !important;border-bottom-width: 0px !important;border-left-width: 0px !important;padding-top: 0px !important;padding-right: 0px !important;padding-bottom: 0px !important;padding-left: 0px !important;}&#8221;]<div tabindex=\"0\" class=\"ult-new-ib ult-ib-effect-style6  ult-ib-resp   vc_custom_1761669020146\" data-min-width=\"768\" data-max-width=\"900\" style=\"background:rgba(240,240,240,0.5);\" data-opacity=\"0.85\" data-hover-opacity=\"1\" ><img decoding=\"async\" class=\"ult-new-ib-img\" style=\"opacity:0.85;\" alt=\"null\" src=\"https:\/\/www.castingcoleccion.com\/wp-content\/uploads\/2025\/10\/foto-coleccion-flash-invierno-2025-imagen.jpg\"   \/><div id=\"interactive-banner-wrap-1589\" class=\"ult-new-ib-desc\" style=\"\"><h1 class=\"ult-new-ib-title ult-responsive\"  data-ultimate-target='#interactive-banner-wrap-1589 .ult-new-ib-title'  data-responsive-json-new='{\"font-size\":\"desktop:50px;\",\"line-height\":\"desktop:48px;\"}'  style=\"font-family:&#039;Montserrat&#039;;font-weight:600;color:#ffffff;\">Flash Inverno<sub>Look Book<\/sub><\/h1><\/div><a class=\"ult-new-ib-link\" href=\"https:\/\/www.castingcoleccion.com\/pt-pt\/colecao-flash-inverno-2025-lookbook\/\" title=\"Colecci\u00f3n Flash Invierno 2025 Lookbook\"  ><\/a><\/div>[\/vc_column][\/vc_row][vc_row full_width=&#8221;stretch_row_content&#8221; content_placement=&#8221;middle&#8221; bg_type=&#8221;image&#8221; css=&#8221;.vc_custom_1766344717343{padding-top: 80px !important;padding-bottom: 80px !important;background-image: url(https:\/\/www.castingcoleccion.com\/wp-content\/uploads\/2024\/12\/fondo_parallax_inicio_pv2025_v2.jpg?id=84352) !important;}&#8221;][vc_column][vc_custom_heading text=&#8221;Contato&#8221; font_container=&#8221;tag:h2|font_size:55px|text_align:center|color:%23ffffff|line_height:1.5em&#8221; use_theme_fonts=&#8221;yes&#8221; css_animation=&#8221;fadeIn&#8221; css=&#8221;.vc_custom_1766346344506{padding-top: 80px !important;padding-bottom: 80px !important;}&#8221;][\/vc_column][\/vc_row][vc_row full_width=&#8221;stretch_row_content&#8221; bg_type=&#8221;bg_color&#8221; bg_color_value=&#8221;#e0e0e0&#8243;][vc_column width=&#8221;1\/6&#8243;][\/vc_column][vc_column width=&#8221;2\/3&#8243;][vc_empty_space]\n<div class=\"wpcf7 no-js\" id=\"wpcf7-f55168-o1\" lang=\"es-ES\" dir=\"ltr\" data-wpcf7-id=\"55168\">\n<div class=\"screen-reader-response\"><p role=\"status\" aria-live=\"polite\" aria-atomic=\"true\"><\/p> <ul><\/ul><\/div>\n<form action=\"\/pt-pt\/wp-json\/wp\/v2\/pages\/86511#wpcf7-f55168-o1\" method=\"post\" class=\"wpcf7-form init\" aria-label=\"Formulario de contacto\" novalidate=\"novalidate\" data-status=\"init\">\n<fieldset class=\"hidden-fields-container\"><input type=\"hidden\" name=\"_wpcf7\" value=\"55168\" \/><input type=\"hidden\" name=\"_wpcf7_version\" value=\"6.1.4\" \/><input type=\"hidden\" name=\"_wpcf7_locale\" value=\"es_ES\" \/><input type=\"hidden\" name=\"_wpcf7_unit_tag\" value=\"wpcf7-f55168-o1\" \/><input type=\"hidden\" name=\"_wpcf7_container_post\" value=\"0\" \/><input type=\"hidden\" name=\"_wpcf7_posted_data_hash\" value=\"\" \/><input type=\"hidden\" name=\"_wpcf7_recaptcha_response\" value=\"\" \/>\n<\/fieldset>\n<div class=\"vc_row wpb_row vc_row-fluid\">\n<div class=\"vc_column_container vc_col-sm-6\" style=\"padding:20px\">\n<label><span class=\"wpcf7-form-control-wrap\" data-name=\"your-name\"><input size=\"40\" maxlength=\"400\" class=\"wpcf7-form-control wpcf7-text wpcf7-validates-as-required\" aria-required=\"true\" aria-invalid=\"false\" placeholder=\"Nome e sobrenome *\" value=\"\" type=\"text\" name=\"your-name\" \/><\/span><\/label>\n<label><span class=\"wpcf7-form-control-wrap\" data-name=\"your-email\"><input size=\"40\" maxlength=\"400\" class=\"wpcf7-form-control wpcf7-email wpcf7-validates-as-required wpcf7-text wpcf7-validates-as-email\" aria-required=\"true\" aria-invalid=\"false\" placeholder=\"e-amil *\" value=\"\" type=\"email\" name=\"your-email\" \/><\/span><\/label>\n<label><span class=\"wpcf7-form-control-wrap\" data-name=\"your-phone\"><input size=\"40\" maxlength=\"400\" class=\"wpcf7-form-control wpcf7-tel wpcf7-text wpcf7-validates-as-tel\" aria-invalid=\"false\" placeholder=\"Telefone\" value=\"\" type=\"tel\" name=\"your-phone\" \/><\/span><\/label>\n<span class=\"wpcf7-form-control-wrap\" data-name=\"quiz-258\"><label><span class=\"wpcf7-quiz-label\">Qual a capital da Qual \u00e9 a capital da Fran\u00e7a?<\/span> <input size=\"40\" class=\"wpcf7-form-control wpcf7-quiz\" autocomplete=\"off\" aria-required=\"true\" aria-invalid=\"false\" type=\"text\" name=\"quiz-258\" \/><\/label><input type=\"hidden\" name=\"_wpcf7_quiz_answer_quiz-258\" value=\"d02bce95e9fa314c195e6d66897e147a\" \/><\/span>\n<\/div>\n<div class=\"vc_column_container vc_col-sm-6\" style=\"padding:20px\">\n<label><span class=\"wpcf7-form-control-wrap\" data-name=\"your-message\"><textarea cols=\"40\" rows=\"5\" maxlength=\"2000\" class=\"wpcf7-form-control wpcf7-textarea wpcf7-validates-as-required\" aria-required=\"true\" aria-invalid=\"false\" placeholder=\"Mensagem *\" name=\"your-message\"><\/textarea><\/span><\/label>\n<label><span class=\"wpcf7-form-control-wrap\" data-name=\"aviso-politica\"><span class=\"wpcf7-form-control wpcf7-checkbox wpcf7-validates-as-required\"><span class=\"wpcf7-list-item first last\"><input type=\"checkbox\" name=\"aviso-politica[]\" value=\"Aceito\" \/><span class=\"wpcf7-list-item-label\">Aceito<\/span><\/span><\/span><\/span> os Termos de Pol\u00edtica de Privacidade<\/label><br>\n<label><span class=\"wpcf7-form-control-wrap\" data-name=\"acepto-comunicaciones\"><span class=\"wpcf7-form-control wpcf7-checkbox\"><span class=\"wpcf7-list-item first last\"><input type=\"checkbox\" name=\"acepto-comunicaciones[]\" value=\"Eu concordo\" \/><span class=\"wpcf7-list-item-label\">Eu concordo<\/span><\/span><\/span><\/span> em receber comunica\u00e7\u00f5es comerciais da Rayan Modas, S.L.U<\/label><br>\n<input class=\"wpcf7-form-control wpcf7-submit has-spinner\" type=\"submit\" value=\"Enviar\" \/>\n<\/div>\n<\/div><div class=\"wpcf7-response-output\" aria-hidden=\"true\"><\/div>\n<\/form>\n<\/div>\n\r\n\t\t\t\t<script>\r\n\t\t\t\tif ( typeof huOptions !== 'undefined' ) {\r\n\t\t\t\t\tvar huFormData = {\"source\":\"contactform7\",\"id\":55168,\"title\":\"Formulario de contacto PT\",\"fields\":{\"subject\":{\"first_name\":\"your-name\",\"email\":\"your-email\"},\"preferences\":{\"terms\":\"your-consent\"}}};\r\n\t\t\t\t\tvar huFormNode = document.querySelector( '[id^=\"wpcf7-f55168-\"] form' );\r\n\r\n\t\t\t\t\thuFormData['node'] = huFormNode;\r\n\t\t\t\t\thuOptions['forms'].push( huFormData );\r\n\t\t\t\t}\r\n\t\t\t\t<\/script>[vc_empty_space][\/vc_column][vc_column width=&#8221;1\/6&#8243;][\/vc_column][\/vc_row]<\/p>\n<\/div>","protected":false},"excerpt":{"rendered":"<p>[vc_row full_width=&#8221;stretch_row_content_no_spaces&#8221; content_placement=&#8221;middle&#8221; css=&#8221;.vc_custom_1509959359244{margin-top: 0px !important;margin-right: 0px !important;margin-bottom: 0px !important;margin-left: 0px !important;border-top-width: 0px !important;border-right-width: 0px !important;border-bottom-width: 0px !important;border-left-width: 0px !important;padding-top: 0px !important;padding-right: 0px !important;padding-bottom: 0px !important;padding-left: 0px !important;}&#8221;][vc_column width=&#8221;1\/2&#8243; css=&#8221;.vc_custom_1509959893322{margin-top: 0px !important;margin-bottom: 0px !important;margin-left: 0px !important;border-top-width: 0px !important;border-right-width: 0px !important;border-bottom-width: 0px !important;border-left-width: 0px !important;padding-top: 0px !important;padding-right: 0px !important;padding-bottom: 0px !important;padding-left: 0px !important;}&#8221;][\/vc_column][vc_column width=&#8221;1\/2&#8243; css=&#8221;.vc_custom_1509959883125{margin-top: 0px&hellip;<\/p>\n","protected":false},"author":13,"featured_media":0,"parent":0,"menu_order":0,"comment_status":"closed","ping_status":"closed","template":"","meta":{"footnotes":""},"class_list":["post-86511","page","type-page","status-publish","hentry","description-off"],"yoast_head":"<!-- This site is optimized with the Yoast SEO plugin v26.6 - https:\/\/yoast.com\/wordpress\/plugins\/seo\/ -->\n<title>P\u00e1gina Inicial - Cole\u00e7\u00e3o Primavera-Ver\u00e3o 2025 | Casting Colecci\u00f3n<\/title>\n<meta name=\"robots\" content=\"index, follow, max-snippet:-1, max-image-preview:large, max-video-preview:-1\" \/>\n<link rel=\"canonical\" href=\"https:\/\/www.castingcoleccion.com\/pt-pt\/\" \/>\n<meta property=\"og:locale\" content=\"pt_PT\" \/>\n<meta property=\"og:type\" content=\"article\" \/>\n<meta property=\"og:title\" content=\"P\u00e1gina Inicial - Cole\u00e7\u00e3o Primavera-Ver\u00e3o 2025 | Casting Colecci\u00f3n\" \/>\n<meta property=\"og:description\" content=\"[vc_row full_width=&#8221;stretch_row_content_no_spaces&#8221; content_placement=&#8221;middle&#8221; css=&#8221;.vc_custom_1509959359244{margin-top: 0px !important;margin-right: 0px !important;margin-bottom: 0px !important;margin-left: 0px !important;border-top-width: 0px !important;border-right-width: 0px !important;border-bottom-width: 0px !important;border-left-width: 0px !important;padding-top: 0px !important;padding-right: 0px !important;padding-bottom: 0px !important;padding-left: 0px !important;}&#8221;][vc_column width=&#8221;1\/2&#8243; css=&#8221;.vc_custom_1509959893322{margin-top: 0px !important;margin-bottom: 0px !important;margin-left: 0px !important;border-top-width: 0px !important;border-right-width: 0px !important;border-bottom-width: 0px !important;border-left-width: 0px !important;padding-top: 0px !important;padding-right: 0px !important;padding-bottom: 0px !important;padding-left: 0px !important;}&#8221;][\/vc_column][vc_column width=&#8221;1\/2&#8243; css=&#8221;.vc_custom_1509959883125{margin-top: 0px&hellip;\" \/>\n<meta property=\"og:url\" content=\"https:\/\/www.castingcoleccion.com\/pt-pt\/\" \/>\n<meta property=\"og:site_name\" content=\"Casting Colecci\u00f3n\" \/>\n<meta property=\"article:modified_time\" content=\"2025-12-21T19:46:08+00:00\" \/>\n<meta name=\"twitter:card\" content=\"summary_large_image\" \/>\n<meta name=\"twitter:label1\" content=\"Tempo estimado de leitura\" \/>\n\t<meta name=\"twitter:data1\" content=\"2 minutos\" \/>\n<script type=\"application\/ld+json\" class=\"yoast-schema-graph\">{\"@context\":\"https:\/\/schema.org\",\"@graph\":[{\"@type\":\"WebPage\",\"@id\":\"https:\/\/www.castingcoleccion.com\/pt-pt\/\",\"url\":\"https:\/\/www.castingcoleccion.com\/pt-pt\/\",\"name\":\"P\u00e1gina Inicial - Cole\u00e7\u00e3o Primavera-Ver\u00e3o 2025 | Casting Colecci\u00f3n\",\"isPartOf\":{\"@id\":\"https:\/\/www.castingcoleccion.com\/pt-pt\/#website\"},\"datePublished\":\"2025-12-21T19:18:47+00:00\",\"dateModified\":\"2025-12-21T19:46:08+00:00\",\"breadcrumb\":{\"@id\":\"https:\/\/www.castingcoleccion.com\/pt-pt\/#breadcrumb\"},\"inLanguage\":\"pt-PT\",\"potentialAction\":[{\"@type\":\"ReadAction\",\"target\":[\"https:\/\/www.castingcoleccion.com\/pt-pt\/\"]}]},{\"@type\":\"BreadcrumbList\",\"@id\":\"https:\/\/www.castingcoleccion.com\/pt-pt\/#breadcrumb\",\"itemListElement\":[{\"@type\":\"ListItem\",\"position\":1,\"name\":\"Portada\",\"item\":\"https:\/\/www.castingcoleccion.com\/pt-pt\/pagina-inicial-colecao-primavera-verao-2025-2\/\"},{\"@type\":\"ListItem\",\"position\":2,\"name\":\"P\u00e1gina Inicial &#8211; Cole\u00e7\u00e3o Primavera-Ver\u00e3o 2025\"}]},{\"@type\":\"WebSite\",\"@id\":\"https:\/\/www.castingcoleccion.com\/pt-pt\/#website\",\"url\":\"https:\/\/www.castingcoleccion.com\/pt-pt\/\",\"name\":\"Casting Colecci\u00f3n\",\"description\":\"Casting Colecci\u00f3n. Vestidos de fiesta, ceremonia, cocktail y madrina. Moncho Heredia es una firma de dise\u00f1o de vestidos de fiesta y ceremonias para mujeres con estilo.\",\"publisher\":{\"@id\":\"https:\/\/www.castingcoleccion.com\/pt-pt\/#organization\"},\"potentialAction\":[{\"@type\":\"SearchAction\",\"target\":{\"@type\":\"EntryPoint\",\"urlTemplate\":\"https:\/\/www.castingcoleccion.com\/pt-pt\/?s={search_term_string}\"},\"query-input\":{\"@type\":\"PropertyValueSpecification\",\"valueRequired\":true,\"valueName\":\"search_term_string\"}}],\"inLanguage\":\"pt-PT\"},{\"@type\":\"Organization\",\"@id\":\"https:\/\/www.castingcoleccion.com\/pt-pt\/#organization\",\"name\":\"Casting Colecci\u00f3n\",\"url\":\"https:\/\/www.castingcoleccion.com\/pt-pt\/\",\"logo\":{\"@type\":\"ImageObject\",\"inLanguage\":\"pt-PT\",\"@id\":\"https:\/\/www.castingcoleccion.com\/pt-pt\/#\/schema\/logo\/image\/\",\"url\":\"https:\/\/www.castingcoleccion.com\/wp-content\/uploads\/2018\/03\/imagotipo_moncho_1024.png\",\"contentUrl\":\"https:\/\/www.castingcoleccion.com\/wp-content\/uploads\/2018\/03\/imagotipo_moncho_1024.png\",\"width\":1024,\"height\":1024,\"caption\":\"Casting Colecci\u00f3n\"},\"image\":{\"@id\":\"https:\/\/www.castingcoleccion.com\/pt-pt\/#\/schema\/logo\/image\/\"}}]}<\/script>\n<!-- \/ Yoast SEO plugin. -->","yoast_head_json":{"title":"P\u00e1gina Inicial - Cole\u00e7\u00e3o Primavera-Ver\u00e3o 2025 | Casting Colecci\u00f3n","robots":{"index":"index","follow":"follow","max-snippet":"max-snippet:-1","max-image-preview":"max-image-preview:large","max-video-preview":"max-video-preview:-1"},"canonical":"https:\/\/www.castingcoleccion.com\/pt-pt\/","og_locale":"pt_PT","og_type":"article","og_title":"P\u00e1gina Inicial - Cole\u00e7\u00e3o Primavera-Ver\u00e3o 2025 | Casting Colecci\u00f3n","og_description":"[vc_row full_width=&#8221;stretch_row_content_no_spaces&#8221; content_placement=&#8221;middle&#8221; css=&#8221;.vc_custom_1509959359244{margin-top: 0px !important;margin-right: 0px !important;margin-bottom: 0px !important;margin-left: 0px !important;border-top-width: 0px !important;border-right-width: 0px !important;border-bottom-width: 0px !important;border-left-width: 0px !important;padding-top: 0px !important;padding-right: 0px !important;padding-bottom: 0px !important;padding-left: 0px !important;}&#8221;][vc_column width=&#8221;1\/2&#8243; css=&#8221;.vc_custom_1509959893322{margin-top: 0px !important;margin-bottom: 0px !important;margin-left: 0px !important;border-top-width: 0px !important;border-right-width: 0px !important;border-bottom-width: 0px !important;border-left-width: 0px !important;padding-top: 0px !important;padding-right: 0px !important;padding-bottom: 0px !important;padding-left: 0px !important;}&#8221;][\/vc_column][vc_column width=&#8221;1\/2&#8243; css=&#8221;.vc_custom_1509959883125{margin-top: 0px&hellip;","og_url":"https:\/\/www.castingcoleccion.com\/pt-pt\/","og_site_name":"Casting Colecci\u00f3n","article_modified_time":"2025-12-21T19:46:08+00:00","twitter_card":"summary_large_image","twitter_misc":{"Tempo estimado de leitura":"2 minutos"},"schema":{"@context":"https:\/\/schema.org","@graph":[{"@type":"WebPage","@id":"https:\/\/www.castingcoleccion.com\/pt-pt\/","url":"https:\/\/www.castingcoleccion.com\/pt-pt\/","name":"P\u00e1gina Inicial - Cole\u00e7\u00e3o Primavera-Ver\u00e3o 2025 | Casting Colecci\u00f3n","isPartOf":{"@id":"https:\/\/www.castingcoleccion.com\/pt-pt\/#website"},"datePublished":"2025-12-21T19:18:47+00:00","dateModified":"2025-12-21T19:46:08+00:00","breadcrumb":{"@id":"https:\/\/www.castingcoleccion.com\/pt-pt\/#breadcrumb"},"inLanguage":"pt-PT","potentialAction":[{"@type":"ReadAction","target":["https:\/\/www.castingcoleccion.com\/pt-pt\/"]}]},{"@type":"BreadcrumbList","@id":"https:\/\/www.castingcoleccion.com\/pt-pt\/#breadcrumb","itemListElement":[{"@type":"ListItem","position":1,"name":"Portada","item":"https:\/\/www.castingcoleccion.com\/pt-pt\/pagina-inicial-colecao-primavera-verao-2025-2\/"},{"@type":"ListItem","position":2,"name":"P\u00e1gina Inicial &#8211; Cole\u00e7\u00e3o Primavera-Ver\u00e3o 2025"}]},{"@type":"WebSite","@id":"https:\/\/www.castingcoleccion.com\/pt-pt\/#website","url":"https:\/\/www.castingcoleccion.com\/pt-pt\/","name":"Casting Colecci\u00f3n","description":"Casting Colecci\u00f3n. Vestidos de fiesta, ceremonia, cocktail y madrina. Moncho Heredia es una firma de dise\u00f1o de vestidos de fiesta y ceremonias para mujeres con estilo.","publisher":{"@id":"https:\/\/www.castingcoleccion.com\/pt-pt\/#organization"},"potentialAction":[{"@type":"SearchAction","target":{"@type":"EntryPoint","urlTemplate":"https:\/\/www.castingcoleccion.com\/pt-pt\/?s={search_term_string}"},"query-input":{"@type":"PropertyValueSpecification","valueRequired":true,"valueName":"search_term_string"}}],"inLanguage":"pt-PT"},{"@type":"Organization","@id":"https:\/\/www.castingcoleccion.com\/pt-pt\/#organization","name":"Casting Colecci\u00f3n","url":"https:\/\/www.castingcoleccion.com\/pt-pt\/","logo":{"@type":"ImageObject","inLanguage":"pt-PT","@id":"https:\/\/www.castingcoleccion.com\/pt-pt\/#\/schema\/logo\/image\/","url":"https:\/\/www.castingcoleccion.com\/wp-content\/uploads\/2018\/03\/imagotipo_moncho_1024.png","contentUrl":"https:\/\/www.castingcoleccion.com\/wp-content\/uploads\/2018\/03\/imagotipo_moncho_1024.png","width":1024,"height":1024,"caption":"Casting Colecci\u00f3n"},"image":{"@id":"https:\/\/www.castingcoleccion.com\/pt-pt\/#\/schema\/logo\/image\/"}}]}},"_links":{"self":[{"href":"https:\/\/www.castingcoleccion.com\/pt-pt\/wp-json\/wp\/v2\/pages\/86511","targetHints":{"allow":["GET"]}}],"collection":[{"href":"https:\/\/www.castingcoleccion.com\/pt-pt\/wp-json\/wp\/v2\/pages"}],"about":[{"href":"https:\/\/www.castingcoleccion.com\/pt-pt\/wp-json\/wp\/v2\/types\/page"}],"author":[{"embeddable":true,"href":"https:\/\/www.castingcoleccion.com\/pt-pt\/wp-json\/wp\/v2\/users\/13"}],"replies":[{"embeddable":true,"href":"https:\/\/www.castingcoleccion.com\/pt-pt\/wp-json\/wp\/v2\/comments?post=86511"}],"version-history":[{"count":2,"href":"https:\/\/www.castingcoleccion.com\/pt-pt\/wp-json\/wp\/v2\/pages\/86511\/revisions"}],"predecessor-version":[{"id":86522,"href":"https:\/\/www.castingcoleccion.com\/pt-pt\/wp-json\/wp\/v2\/pages\/86511\/revisions\/86522"}],"wp:attachment":[{"href":"https:\/\/www.castingcoleccion.com\/pt-pt\/wp-json\/wp\/v2\/media?parent=86511"}],"curies":[{"name":"wp","href":"https:\/\/api.w.org\/{rel}","templated":true}]}}